{"id":2067,"date":"2021-01-30T19:35:47","date_gmt":"2021-01-30T17:35:47","guid":{"rendered":"https:\/\/gsoftwarelab.com\/payment-methods\/"},"modified":"2025-10-05T02:45:32","modified_gmt":"2025-10-05T00:45:32","slug":"payment-methods","status":"publish","type":"page","link":"https:\/\/gsoftwarelab.com\/de\/payment-methods\/","title":{"rendered":"Zahlungsmethoden"},"content":{"rendered":"<p>Wir m\u00f6chten Ihr Checkout-Erlebnis so einfach und sicher wie m\u00f6glich gestalten. Wir bieten eine Reihe von Zahlungsoptionen an, die Ihren Bed\u00fcrfnissen entsprechen. Alle Transaktionen werden mit einer sicheren Verschl\u00fcsselung verarbeitet, um sicherzustellen, dass Ihre Daten immer gesch\u00fctzt sind.<\/p>\n\n\n\n<p>W\u00e4hlen Sie aus den folgenden Optionen die Methode aus, die f\u00fcr Sie am besten funktioniert.<\/p>\n\n\n\n<hr class=\"wp-block-separator has-alpha-channel-opacity\"\/>\n\n\n\n<h4 class=\"wp-block-heading\"><strong>PayPal &amp; Kredit-\/Debitkarten<\/strong><\/h4>\n\n\n\n<p>Wir akzeptieren Zahlungen sicher \u00fcber PayPal. Wenn Sie zur Kasse gehen, werden Sie zum PayPal-Zahlungsgateway weitergeleitet.<\/p>\n\n\n\n<ul class=\"wp-block-list\">\n<li><strong>Bezahlen Sie mit einem PayPal-Konto:<\/strong> Wenn Sie ein PayPal-Konto haben, k\u00f6nnen Sie sich anmelden, um Ihren Kauf mit Ihrem gespeicherten Guthaben oder verkn\u00fcpften Zahlungsmethoden schnell abzuschlie\u00dfen.<\/li>\n\n\n\n<li><strong>Bezahlen Sie mit einer Kredit- oder Debitkarte:<\/strong> Sie haben kein PayPal-Konto? Kein Problem. W\u00e4hlen Sie einfach auf der PayPal-Seite die Option \u201ePay with Debit or Credit Card\u201c aus. Sie k\u00f6nnen Ihre Kartendaten (Visa, Mastercard, American Express usw.) sicher eingeben, um die Transaktion als Gast abzuschlie\u00dfen. Ihre Finanzinformationen werden durch die sichere Plattform von PayPal gesch\u00fctzt.<\/li>\n<\/ul>\n\n\n\n<h4 class=\"wp-block-heading\"><strong>Kryptow\u00e4hrung<\/strong><\/h4>\n\n\n\n<p>Mit Blick auf die Zukunft des digitalen Zahlungsverkehrs sind wir stolz darauf, verschiedene Kryptow\u00e4hrungen zu akzeptieren.<\/p>\n\n\n\n<ul class=\"wp-block-list\">\n<li><strong>Bitcoin (BTC):<\/strong> Sie k\u00f6nnen direkt mit Bitcoin bezahlen.<\/li>\n\n\n\n<li><strong>Altcoins:<\/strong> Wir akzeptieren auch eine Auswahl anderer beliebter alternativer Kryptow\u00e4hrungen.<\/li>\n<\/ul>\n\n\n\n<p>Der erforderliche Betrag wird auf der Grundlage des aktuellen Wechselkurses zum Zeitpunkt der Transaktion berechnet. W\u00e4hlen Sie einfach die Kryptow\u00e4hrungsoption an der Kasse aus, um fortzufahren.<\/p>\n\n\n\n<hr class=\"wp-block-separator has-alpha-channel-opacity\"\/>\n\n\n\n<p>Wenn Sie Fragen zu unseren Zahlungsmethoden haben oder auf Probleme sto\u00dfen, z\u00f6gern Sie bitte nicht, <strong><a href=\"https:\/\/gsoftwarelab.com\/de\/contact-us\/\">Kontaktieren Sie unser Support-Team<\/a><\/strong> um Hilfe.<\/p>\n\n\n\n<div class=\"wp-block-group alignfull has-ti-bg-alt-background-color has-background is-layout-constrained wp-block-group-is-layout-constrained\" style=\"margin-top:0;margin-bottom:0;padding-top:64px;padding-bottom:64px\">\n<h3 class=\"wp-block-heading alignwide has-text-align-center has-large-font-size\">Akzeptierte Zahlungsmethoden<\/h3>\n\n\n\n<div class=\"wp-block-group is-content-justification-center is-nowrap is-layout-flex wp-container-core-group-is-layout-23441af8 wp-block-group-is-layout-flex\">\n<figure class=\"wp-block-image size-full\"><img decoding=\"async\" width=\"128\" height=\"36\" src=\"https:\/\/gsoftwarelab.com\/wp-content\/uploads\/2023\/07\/payment_method_paypal.webp\" alt=\"Bezahlen mit PayPal\" class=\"wp-image-6699\" title=\"\"><\/figure>\n\n\n\n<figure class=\"wp-block-image size-full\"><img decoding=\"async\" width=\"100\" height=\"78\" src=\"https:\/\/gsoftwarelab.com\/wp-content\/uploads\/2023\/07\/payment_method_cc.webp\" alt=\"Bezahlen mit Kreditkarte\" class=\"wp-image-6700\" title=\"\"><\/figure>\n\n\n\n<figure class=\"wp-block-image size-full\"><img decoding=\"async\" width=\"100\" height=\"42\" src=\"https:\/\/gsoftwarelab.com\/wp-content\/uploads\/2023\/07\/payment_method_stripe.webp\" alt=\"Bezahlen mit Stripe\" class=\"wp-image-6701\" title=\"\"><\/figure>\n\n\n\n<figure class=\"wp-block-image size-full\"><img decoding=\"async\" width=\"98\" height=\"98\" src=\"https:\/\/gsoftwarelab.com\/wp-content\/uploads\/2023\/07\/payment_method_bitcoin.webp\" alt=\"Bezahlen mit Bitcoin\" class=\"wp-image-6702\" title=\"\" srcset=\"https:\/\/gsoftwarelab.com\/wp-content\/uploads\/2023\/07\/payment_method_bitcoin.webp 98w, https:\/\/gsoftwarelab.com\/wp-content\/uploads\/2023\/07\/payment_method_bitcoin-96x96.webp 96w\" sizes=\"(max-width: 98px) 100vw, 98px\" \/><\/figure>\n\n\n\n<figure class=\"wp-block-image size-full\"><img decoding=\"async\" width=\"60\" height=\"100\" src=\"https:\/\/gsoftwarelab.com\/wp-content\/uploads\/2023\/07\/payment_method_eth.webp\" alt=\"Bezahlen mit Ethereum und Altcoin\" class=\"wp-image-6703\" title=\"\"><\/figure>\n<\/div>\n<\/div>","protected":false},"excerpt":{"rendered":"<p>Wir m\u00f6chten Ihr Checkout-Erlebnis so einfach und sicher wie m\u00f6glich gestalten. Wir bieten eine Reihe von Zahlungsoptionen an, die Ihren Bed\u00fcrfnissen entsprechen. Alle Transaktionen werden mit einer sicheren Verschl\u00fcsselung verarbeitet, um sicherzustellen, dass Ihre Daten immer gesch\u00fctzt sind. W\u00e4hlen Sie aus den folgenden Optionen die Methode aus, die f\u00fcr Sie am besten funktioniert. PayPal &amp; Kredit- \/ Debitkarten Wir [...]<\/p>","protected":false},"author":1,"featured_media":0,"parent":0,"menu_order":0,"comment_status":"closed","ping_status":"closed","template":"","meta":{"rop_custom_images_group":[],"rop_custom_messages_group":[],"rop_publish_now":"initial","rop_publish_now_accounts":{"twitter_2998589429_2998589429":""},"rop_publish_now_history":[],"rop_publish_now_status":"pending","footnotes":""},"class_list":["post-2067","page","type-page","status-publish","hentry"],"blocksy_meta":[],"_links":{"self":[{"href":"https:\/\/gsoftwarelab.com\/de\/wp-json\/wp\/v2\/pages\/2067","targetHints":{"allow":["GET"]}}],"collection":[{"href":"https:\/\/gsoftwarelab.com\/de\/wp-json\/wp\/v2\/pages"}],"about":[{"href":"https:\/\/gsoftwarelab.com\/de\/wp-json\/wp\/v2\/types\/page"}],"author":[{"embeddable":true,"href":"https:\/\/gsoftwarelab.com\/de\/wp-json\/wp\/v2\/users\/1"}],"replies":[{"embeddable":true,"href":"https:\/\/gsoftwarelab.com\/de\/wp-json\/wp\/v2\/comments?post=2067"}],"version-history":[{"count":2,"href":"https:\/\/gsoftwarelab.com\/de\/wp-json\/wp\/v2\/pages\/2067\/revisions"}],"predecessor-version":[{"id":8364,"href":"https:\/\/gsoftwarelab.com\/de\/wp-json\/wp\/v2\/pages\/2067\/revisions\/8364"}],"wp:attachment":[{"href":"https:\/\/gsoftwarelab.com\/de\/wp-json\/wp\/v2\/media?parent=2067"}],"curies":[{"name":"wp","href":"https:\/\/api.w.org\/{rel}","templated":true}]}}