{"id":8703,"date":"2025-12-27T21:52:30","date_gmt":"2025-12-27T19:52:30","guid":{"rendered":"https:\/\/gsoftwarelab.com\/?post_type=product&#038;p=8703"},"modified":"2026-01-14T03:17:52","modified_gmt":"2026-01-14T01:17:52","slug":"traffic-buddy-12-months","status":"publish","type":"product","link":"https:\/\/gsoftwarelab.com\/cs\/produkt\/traffic-buddy-12-months\/","title":{"rendered":"Traffic Buddy (12 m\u011bs\u00edc\u016f)"},"content":{"rendered":"<h2><strong><span class=\"edtFontSize200\">Traffic Buddy: Traffic Generator, Webov\u00e9 str\u00e1nky Zobrazit Bot &amp; Google Search Bot<\/span><\/strong><\/h2>\n<p>N\u00e1\u0161 nov\u00fd bot umo\u017e\u0148uje pos\u00edlat obrovsk\u00e9 mno\u017estv\u00ed SEO provozu z r\u016fzn\u00fdch vyhled\u00e1va\u010d\u016f pomoc\u00ed kl\u00ed\u010dov\u00fdch slov na va\u0161e webov\u00e9 str\u00e1nky. Pomoc\u00ed skute\u010dn\u00e9ho prohl\u00ed\u017ee\u010de Chrome m\u016f\u017ee generovat tis\u00edce skute\u010dn\u011b vypadaj\u00edc\u00edch zobrazen\u00ed webov\u00fdch str\u00e1nek.<\/p>\n<p>Prohl\u00ed\u017ee\u010de gener\u00e1toru zobrazen\u00ed budou automaticky simulovat r\u016fzn\u00e9 akce chov\u00e1n\u00ed u\u017eivatele, jako je kliknut\u00ed na tla\u010d\u00edtka pro prohl\u00ed\u017een\u00ed str\u00e1nek na webu nebo proch\u00e1zen\u00ed str\u00e1nky.<\/p>\n<div style=\"padding: 56.25% 0 0 0; position: relative;\"><iframe style=\"position: absolute; top: 0; left: 0; width: 100%; height: 100%;\" src=\"https:\/\/player.vimeo.com\/video\/1029029240?h=59eb4a1d9e&amp;autoplay=1&amp;loop=1&amp;byline=0\" frameborder=\"0\" allowfullscreen=\"allowfullscreen\" data-mce-fragment=\"1\"><\/iframe><\/div>\n<p><strong>Kl\u00ed\u010dov\u00e9 vlastnosti:<br \/>\n<\/strong><\/p>\n<ul>\n<li>Generovat skute\u010dn\u00fd provoz prohl\u00ed\u017ee\u010de<\/li>\n<li>Postaven v soukrom\u00e9m, obytn\u00e9m, rota\u010dn\u00edm a ve\u0159ejn\u00e9m proxy podpora (Http, Https, Pono\u017eky4, Pono\u017eky5, Tor Proxy)<\/li>\n<li>Vestav\u011bn\u00fd ve\u0159ejn\u00fd proxy scraper (Http, Https, Pono\u017eky4, Pono\u017eky5)<\/li>\n<li>Vestav\u011bn\u00fd multi-threaded proxy tester<\/li>\n<li>Vestav\u011bn\u00fd filtr zem\u011b proxy (pomoc\u00ed datab\u00e1ze Geo-IP)<\/li>\n<li>Specifick\u00e9 pro kampa\u0148 proxies (pou\u017eijte jin\u00fd proxies pro ka\u017edou kampa\u0148)<\/li>\n<li>Zm\u011bna referrer \/ p\u016fvod provozu (podporuje Google, Bing, DuckDuckGo s kl\u00ed\u010dov\u00fdmi slovy a vlastn\u00ed URL)<\/li>\n<li>Proch\u00e1zet vnit\u0159n\u00ed webov\u00e9 str\u00e1nky<\/li>\n<li>Simulovat chov\u00e1n\u00ed u\u017eivatel\u016f (posouv\u00e1n\u00ed a klik\u00e1n\u00ed)<\/li>\n<li>Simulovat u\u017eivatelsk\u00e1 kliknut\u00ed (kliknut\u00ed na vlastn\u00ed tla\u010d\u00edtka, obr\u00e1zky atd.)<\/li>\n<li>Vestav\u011bn\u00e1 emulace za\u0159\u00edzen\u00ed (v\u00edce ne\u017e 100 autentick\u00fdch za\u0159\u00edzen\u00ed, automaticky emuluje u\u017eivatelsk\u00fd agent, displej, cpu, ram a mnoho dal\u0161\u00edch)<\/li>\n<li>\u010cast\u00e9 aktualizace a podpora<\/li>\n<li>NOVINKA: Jednoduch\u00e1 definice p\u016fvodu dopravy<\/li>\n<li>NOVINKA: Google Search bot (generovat SEO provoz)<\/li>\n<li><a href=\"https:\/\/gsoftwarelab.com\/cs\/organic-website-traffic-bot\/\">Dozv\u011bd\u011bt se v\u00edce<\/a> o v\u0161ech funkc\u00edch dopravn\u00edch bot\u016f.<\/li>\n<\/ul>\n<p><strong>P\u0159\u00edpady pou\u017eit\u00ed softwaru:<\/strong><\/p>\n<ul>\n<li>SEO a marketingov\u00e9 \u00fa\u010dely<\/li>\n<li>V\u00fdzkum v oblasti bezpe\u010dnosti<\/li>\n<li>Proch\u00e1zen\u00ed a \u0161kr\u00e1b\u00e1n\u00ed webu<\/li>\n<li>Testov\u00e1n\u00ed zat\u00ed\u017een\u00ed webov\u00fdch str\u00e1nek\/server\u016f<\/li>\n<\/ul>\n<p><strong>Minim\u00e1ln\u00ed syst\u00e9mov\u00e9 po\u017eadavky:<\/strong><\/p>\n<ul>\n<li>Opera\u010dn\u00ed syst\u00e9m: Windows 10 (verze 22H2 nebo nov\u011bj\u0161\u00ed), Windows 11 (v\u0161echny verze), Windows Server 2019 a nov\u011bj\u0161\u00ed<\/li>\n<li>8 GB pam\u011bti RAM<\/li>\n<li>10 GB \u00falo\u017ei\u0161t\u011b<\/li>\n<li>4 j\u00e1dra<\/li>\n<li>Stabiln\u00ed p\u0159ipojen\u00ed k internetu<\/li>\n<\/ul>\n<p><strong>V\u00e1\u0161 n\u00e1kup zahrnuje:<\/strong><\/p>\n<ul>\n<li>P\u0159edplatn\u00e9 softwaru na 12 m\u011bs\u00edc\u016f<\/li>\n<li>12 m\u011bs\u00edc\u016f komplexn\u00ed podpory<\/li>\n<li>P\u0159\u00edsp\u011bvek na v\u00fdsadbu jednoho stromu<\/li>\n<li><a href=\"https:\/\/gsoftwarelab.com\/cs\/docs\/traffic-buddy\/getting-started\/\">Softwarov\u00e1 dokumentace<\/a><\/li>\n<\/ul>\n<p><strong>Podm\u00ednky p\u0159edplatn\u00e9ho:<\/strong><\/p>\n<ul>\n<li>Automatick\u00e9 obnovov\u00e1n\u00ed ka\u017ed\u00fd rok a\u017e do zru\u0161en\u00ed<\/li>\n<li>Podpora a aktualizace b\u011bhem obdob\u00ed p\u0159edplatn\u00e9ho<\/li>\n<\/ul>","protected":false},"excerpt":{"rendered":"<p>Traffic Buddy: Traffic Generator, Webov\u00e9 str\u00e1nky View Bot &amp; Google Search Bot.<\/p>","protected":false},"featured_media":8704,"comment_status":"open","ping_status":"closed","template":"","meta":{"rop_custom_images_group":[],"rop_custom_messages_group":[],"rop_publish_now":"initial","rop_publish_now_accounts":{"twitter_2998589429_2998589429":""},"rop_publish_now_history":[],"rop_publish_now_status":"pending"},"product_brand":[2068,2071],"product_cat":[104,87],"product_tag":[2372,696,2382,699,2373,2381,2371],"class_list":{"0":"post-8703","1":"product","2":"type-product","3":"status-publish","4":"has-post-thumbnail","6":"product_brand-gsoftwarelab","7":"product_brand-traffic-buddy","8":"product_cat-traffic-buddy","9":"product_cat-software","10":"product_tag-generate-traffic-with-traffic-buddy","11":"product_tag-traffic-bot","12":"product_tag-traffic-bot-subscription","13":"product_tag-traffic-buddy","14":"product_tag-traffic-buddy-download","15":"product_tag-traffic-buddy-subscription","16":"product_tag-traffic-buddy-view-bot","18":"first","19":"instock","20":"sale","21":"featured","22":"downloadable","23":"virtual","24":"purchasable","25":"product-type-simple"},"wcol_rules":[],"_links":{"self":[{"href":"https:\/\/gsoftwarelab.com\/cs\/wp-json\/wp\/v2\/product\/8703","targetHints":{"allow":["GET"]}}],"collection":[{"href":"https:\/\/gsoftwarelab.com\/cs\/wp-json\/wp\/v2\/product"}],"about":[{"href":"https:\/\/gsoftwarelab.com\/cs\/wp-json\/wp\/v2\/types\/product"}],"replies":[{"embeddable":true,"href":"https:\/\/gsoftwarelab.com\/cs\/wp-json\/wp\/v2\/comments?post=8703"}],"wp:featuredmedia":[{"embeddable":true,"href":"https:\/\/gsoftwarelab.com\/cs\/wp-json\/wp\/v2\/media\/8704"}],"wp:attachment":[{"href":"https:\/\/gsoftwarelab.com\/cs\/wp-json\/wp\/v2\/media?parent=8703"}],"wp:term":[{"taxonomy":"product_brand","embeddable":true,"href":"https:\/\/gsoftwarelab.com\/cs\/wp-json\/wp\/v2\/product_brand?post=8703"},{"taxonomy":"product_cat","embeddable":true,"href":"https:\/\/gsoftwarelab.com\/cs\/wp-json\/wp\/v2\/product_cat?post=8703"},{"taxonomy":"product_tag","embeddable":true,"href":"https:\/\/gsoftwarelab.com\/cs\/wp-json\/wp\/v2\/product_tag?post=8703"}],"curies":[{"name":"wp","href":"https:\/\/api.w.org\/{rel}","templated":true}]}}