{"id":8312,"date":"2025-09-27T08:34:07","date_gmt":"2025-09-27T06:34:07","guid":{"rendered":"https:\/\/gsoftwarelab.com\/?post_type=product&#038;p=8312"},"modified":"2026-04-05T02:56:39","modified_gmt":"2026-04-05T00:56:39","slug":"free-trial-traffic-buddy","status":"publish","type":"product","link":"https:\/\/gsoftwarelab.com\/cs\/produkt\/free-trial-traffic-buddy\/","title":{"rendered":"Traffic Buddy \u2013 Bezplatn\u00e9 soudn\u00ed \u0159\u00edzen\u00ed"},"content":{"rendered":"<h2>Traffic Buddy 7denn\u00ed zku\u0161ebn\u00ed verze \u2013 Free Traffic Bot<\/h2>\n<p>Zaj\u00edmav\u00e9 o tom, jak Traffic Buddy m\u016f\u017ee v\u00e1m pomoci zlep\u0161it po\u0159ad\u00ed va\u0161ich internetov\u00fdch str\u00e1nek? St\u00e1hn\u011bte si na\u0161i bezplatnou 7denn\u00ed zku\u0161ebn\u00ed verzi a pod\u00edvejte se na z\u00e1kladn\u00ed funkce. Tato verze s omezen\u00fdmi funkcemi v\u00e1m umo\u017e\u0148uje generovat z\u00e1kladn\u00ed provoz, prozkoumat u\u017eivatelsky p\u0159\u00edv\u011btiv\u00e9 rozhran\u00ed a pochopit, jak m\u016f\u017ee n\u00e1\u0161 n\u00e1stroj vytvo\u0159it skute\u010dn\u00fd provoz prohl\u00ed\u017ee\u010de pro va\u0161e webov\u00e9 str\u00e1nky. \u017d\u00e1dn\u00fd z\u00e1vazek, \u017e\u00e1dn\u00e9 riziko. Za\u010dn\u011bte svou bezplatnou zku\u0161ebn\u00ed verzi je\u0161t\u011b dnes!<\/p>\n<h3><a href=\"https:\/\/gsoftwarelab.com\/cs\/produkt\/traffic-buddy\/\">Koupit plnou verzi Traffic Buddy<\/a><\/h3>\n<p><img decoding=\"async\" src=\"https:\/\/api.apidog.com\/api\/v1\/projects\/1067667\/resources\/362604\/image-preview\" alt=\"obr\u00e1zek.png\" title=\"\"><\/p>\n<p><strong>Kl\u00ed\u010dov\u00e9 vlastnosti:<br \/>\n<\/strong><\/p>\n<ul>\n<li>Generovat skute\u010dn\u00fd provoz prohl\u00ed\u017ee\u010de<\/li>\n<li>Postaven v soukrom\u00e9m, obytn\u00e9m, rota\u010dn\u00edm a ve\u0159ejn\u00e9m proxy podpora (Http, Https, Pono\u017eky4, Pono\u017eky5)<\/li>\n<li>Vestav\u011bn\u00fd ve\u0159ejn\u00fd proxy scraper (Http, Https, Pono\u017eky4, Pono\u017eky5)<\/li>\n<li>Vestav\u011bn\u00fd multi-threaded proxy tester<\/li>\n<li>Vestav\u011bn\u00fd filtr zem\u011b proxy (pomoc\u00ed datab\u00e1ze Geo-IP)<\/li>\n<li>Zm\u011bna referrer \/ p\u016fvod provozu (podporuje Google, Bing, DuckDuckGo s kl\u00ed\u010dov\u00fdmi slovy a vlastn\u00ed URL)<\/li>\n<li>Proch\u00e1zet vnit\u0159n\u00ed webov\u00e9 str\u00e1nky<\/li>\n<li>Simulovat chov\u00e1n\u00ed u\u017eivatel\u016f (posouv\u00e1n\u00ed a klik\u00e1n\u00ed)<\/li>\n<li>Simulovat u\u017eivatelsk\u00e1 kliknut\u00ed (kliknut\u00ed na vlastn\u00ed tla\u010d\u00edtka, obr\u00e1zky atd.)<\/li>\n<li>Vestav\u011bn\u00e1 emulace za\u0159\u00edzen\u00ed (v\u00edce ne\u017e 100 autentick\u00fdch za\u0159\u00edzen\u00ed, automaticky emuluje u\u017eivatelsk\u00fd agent, displej, cpu, ram a mnoho dal\u0161\u00edch)<\/li>\n<li>Bezplatn\u00e9 celo\u017eivotn\u00ed aktualizace<\/li>\n<li>NOVINKA: Vestav\u011bn\u00e1 podpora proxy TOR<\/li>\n<li>NOVINKA: Google Search Bot (Generovat SEO provoz)<\/li>\n<li><a href=\"https:\/\/gsoftwarelab.com\/cs\/organic-website-traffic-bot\/\">Dozv\u011bd\u011bt se v\u00edce<\/a> o v\u0161ech funkc\u00edch dopravn\u00edch bot\u016f.<\/li>\n<\/ul>\n<p><strong>Omezen\u00ed zku\u0161ebn\u00ed verze:<\/strong><\/p>\n<ul>\n<li>Plat\u00ed po dobu 7 dn\u016f<\/li>\n<li>Vytvo\u0159en\u00ed 1 kampan\u011b<\/li>\n<li>Generov\u00e1n\u00ed a\u017e 1000 zhl\u00e9dnut\u00ed<\/li>\n<li>1 soub\u011b\u017en\u00fd prohl\u00ed\u017ee\u010d (vl\u00e1kno)<\/li>\n<\/ul>","protected":false},"excerpt":{"rendered":"<p>Zaj\u00edmav\u00e9 o tom, jak Traffic Buddy m\u016f\u017ee v\u00e1m pomoci zlep\u0161it po\u0159ad\u00ed va\u0161ich internetov\u00fdch str\u00e1nek? St\u00e1hn\u011bte si na\u0161i bezplatnou 7denn\u00ed zku\u0161ebn\u00ed verzi a pod\u00edvejte se na z\u00e1kladn\u00ed funkce. Tato verze s omezen\u00fdmi funkcemi v\u00e1m umo\u017e\u0148uje generovat z\u00e1kladn\u00ed provoz, prozkoumat u\u017eivatelsky p\u0159\u00edv\u011btiv\u00e9 rozhran\u00ed a pochopit, jak m\u016f\u017ee n\u00e1\u0161 n\u00e1stroj vytvo\u0159it skute\u010dn\u00fd provoz prohl\u00ed\u017ee\u010de pro va\u0161e webov\u00e9 str\u00e1nky. \u017d\u00e1dn\u00fd z\u00e1vazek, \u017e\u00e1dn\u00e9 riziko. Za\u010dn\u011bte svou bezplatnou zku\u0161ebn\u00ed verzi je\u0161t\u011b dnes!<\/p>","protected":false},"featured_media":8315,"comment_status":"open","ping_status":"closed","template":"","meta":{"rop_custom_images_group":[],"rop_custom_messages_group":[],"rop_publish_now":"initial","rop_publish_now_accounts":{"twitter_2998589429_2998589429":""},"rop_publish_now_history":[],"rop_publish_now_status":"pending"},"product_brand":[2068,2071],"product_cat":[2400,87,104],"product_tag":[140,2376,696,2377,2375],"class_list":{"0":"post-8312","1":"product","2":"type-product","3":"status-publish","4":"has-post-thumbnail","6":"product_brand-gsoftwarelab","7":"product_brand-traffic-buddy","8":"product_cat-free-software","9":"product_cat-software","10":"product_cat-traffic-buddy","11":"product_tag-free","12":"product_tag-free-download","13":"product_tag-traffic-bot","14":"product_tag-traffic-buddy-trial","15":"product_tag-trial","17":"first","18":"instock","19":"downloadable","20":"virtual","21":"sold-individually","22":"purchasable","23":"product-type-simple"},"wcol_rules":[{"obj_ids":["8312","8292","8298"],"applied_on":"quantity","cus_applied_on":"amount","message":"","accomulative":"","id":8330,"rule_type":"products","product_type":"simple","min_rule_limit":"0","enable_max_rule_limit":"on","max_rule_limit":"1","enable_time_limit":"on","rule_time_span":"yearly","yearly_start_day":"1","yearly_start_month":"01","weekly_start_day":"monday","monthly_start_date":"","enable_for_users":"on","user_type":"guest-users","disable_limit":"","parent_rule":"","across_all_orders":"2","exclude_shipping_price":"","enable_for_payment":"","enable_custom_notice":"","rule_start_time":"","rule_end_time":""}],"_links":{"self":[{"href":"https:\/\/gsoftwarelab.com\/cs\/wp-json\/wp\/v2\/product\/8312","targetHints":{"allow":["GET"]}}],"collection":[{"href":"https:\/\/gsoftwarelab.com\/cs\/wp-json\/wp\/v2\/product"}],"about":[{"href":"https:\/\/gsoftwarelab.com\/cs\/wp-json\/wp\/v2\/types\/product"}],"replies":[{"embeddable":true,"href":"https:\/\/gsoftwarelab.com\/cs\/wp-json\/wp\/v2\/comments?post=8312"}],"wp:featuredmedia":[{"embeddable":true,"href":"https:\/\/gsoftwarelab.com\/cs\/wp-json\/wp\/v2\/media\/8315"}],"wp:attachment":[{"href":"https:\/\/gsoftwarelab.com\/cs\/wp-json\/wp\/v2\/media?parent=8312"}],"wp:term":[{"taxonomy":"product_brand","embeddable":true,"href":"https:\/\/gsoftwarelab.com\/cs\/wp-json\/wp\/v2\/product_brand?post=8312"},{"taxonomy":"product_cat","embeddable":true,"href":"https:\/\/gsoftwarelab.com\/cs\/wp-json\/wp\/v2\/product_cat?post=8312"},{"taxonomy":"product_tag","embeddable":true,"href":"https:\/\/gsoftwarelab.com\/cs\/wp-json\/wp\/v2\/product_tag?post=8312"}],"curies":[{"name":"wp","href":"https:\/\/api.w.org\/{rel}","templated":true}]}}