{"id":8298,"date":"2025-09-25T03:08:38","date_gmt":"2025-09-25T01:08:38","guid":{"rendered":"https:\/\/gsoftwarelab.com\/?post_type=product&#038;p=8298"},"modified":"2025-11-05T09:07:04","modified_gmt":"2025-11-05T07:07:04","slug":"pdf-converter","status":"publish","type":"product","link":"https:\/\/gsoftwarelab.com\/cs\/produkt\/pdf-converter\/","title":{"rendered":"PDF konvertor"},"content":{"rendered":"<h2><strong><span class=\"edtFontSize200\">P\u0159evodn\u00edk PDF: Rychl\u00e1 a snadn\u00e1 konverze PDF, Word Dokumenty a dal\u0161\u00ed<\/span><\/strong><\/h2>\r\n<p>N\u00e1\u0161 PDF Converter je v\u0161estrann\u00fd n\u00e1stroj pro snadnou konverzi dokument\u016f. Rychle a snadno p\u0159em\u011b\u0148te soubory PDF na dokumenty nebo obr\u00e1zky aplikace Word \u2013 a naopak. Podporuje dal\u0161\u00ed form\u00e1ty pro maxim\u00e1ln\u00ed flexibilitu, tak\u017ee je ide\u00e1ln\u00ed pro ka\u017ed\u00e9ho, kdo chce u\u0161et\u0159it \u010das a efektivn\u011b zpracov\u00e1vat sv\u00e9 dokumenty.<\/p>","protected":false},"excerpt":{"rendered":"<p>N\u00e1\u0161 PDF Converter je v\u0161estrann\u00fd n\u00e1stroj pro snadnou konverzi dokument\u016f. Rychle a snadno p\u0159em\u011b\u0148te soubory PDF na dokumenty nebo obr\u00e1zky aplikace Word \u2013 a naopak. Podporuje dal\u0161\u00ed form\u00e1ty pro maxim\u00e1ln\u00ed flexibilitu, tak\u017ee je ide\u00e1ln\u00ed pro ka\u017ed\u00e9ho, kdo chce u\u0161et\u0159it \u010das a efektivn\u011b zpracov\u00e1vat sv\u00e9 dokumenty.<\/p>","protected":false},"featured_media":8301,"comment_status":"closed","ping_status":"closed","template":"","meta":{"rop_custom_images_group":[],"rop_custom_messages_group":[],"rop_publish_now":"initial","rop_publish_now_accounts":{"twitter_2998589429_2998589429":""},"rop_publish_now_history":[],"rop_publish_now_status":"pending"},"product_brand":[2068],"product_cat":[2400,87],"product_tag":[],"class_list":{"0":"post-8298","1":"product","2":"type-product","3":"status-publish","4":"has-post-thumbnail","6":"product_brand-gsoftwarelab","7":"product_cat-free-software","8":"product_cat-software","10":"first","11":"instock","12":"downloadable","13":"virtual","14":"purchasable","15":"product-type-simple"},"wcol_rules":[{"obj_ids":["8312","8292","8298"],"applied_on":"quantity","cus_applied_on":"amount","message":"","accomulative":"","id":8330,"rule_type":"products","product_type":"simple","min_rule_limit":"0","enable_max_rule_limit":"on","max_rule_limit":"1","enable_time_limit":"on","rule_time_span":"yearly","yearly_start_day":"1","yearly_start_month":"01","weekly_start_day":"monday","monthly_start_date":"","enable_for_users":"on","user_type":"guest-users","disable_limit":"","parent_rule":"","across_all_orders":"2","exclude_shipping_price":"","enable_for_payment":"","enable_custom_notice":"","rule_start_time":"","rule_end_time":""}],"_links":{"self":[{"href":"https:\/\/gsoftwarelab.com\/cs\/wp-json\/wp\/v2\/product\/8298","targetHints":{"allow":["GET"]}}],"collection":[{"href":"https:\/\/gsoftwarelab.com\/cs\/wp-json\/wp\/v2\/product"}],"about":[{"href":"https:\/\/gsoftwarelab.com\/cs\/wp-json\/wp\/v2\/types\/product"}],"replies":[{"embeddable":true,"href":"https:\/\/gsoftwarelab.com\/cs\/wp-json\/wp\/v2\/comments?post=8298"}],"wp:featuredmedia":[{"embeddable":true,"href":"https:\/\/gsoftwarelab.com\/cs\/wp-json\/wp\/v2\/media\/8301"}],"wp:attachment":[{"href":"https:\/\/gsoftwarelab.com\/cs\/wp-json\/wp\/v2\/media?parent=8298"}],"wp:term":[{"taxonomy":"product_brand","embeddable":true,"href":"https:\/\/gsoftwarelab.com\/cs\/wp-json\/wp\/v2\/product_brand?post=8298"},{"taxonomy":"product_cat","embeddable":true,"href":"https:\/\/gsoftwarelab.com\/cs\/wp-json\/wp\/v2\/product_cat?post=8298"},{"taxonomy":"product_tag","embeddable":true,"href":"https:\/\/gsoftwarelab.com\/cs\/wp-json\/wp\/v2\/product_tag?post=8298"}],"curies":[{"name":"wp","href":"https:\/\/api.w.org\/{rel}","templated":true}]}}