{"id":8292,"date":"2025-09-25T01:12:53","date_gmt":"2025-09-24T23:12:53","guid":{"rendered":"https:\/\/gsoftwarelab.com\/?post_type=product&#038;p=8292"},"modified":"2025-11-05T09:07:16","modified_gmt":"2025-11-05T07:07:16","slug":"backlink-checker","status":"publish","type":"product","link":"https:\/\/gsoftwarelab.com\/cs\/produkt\/backlink-checker\/","title":{"rendered":"Kontrola zp\u011btn\u00e9ho odkazu"},"content":{"rendered":"<h2 class=\"elementor-image-box-title\">Kontrola zp\u011btn\u00e9ho odkazu \u2013 p\u0159ehledy zp\u011btn\u00e9ho odkazu v re\u00e1ln\u00e9m \u010dase<\/h2>\n<p>Backlink Checker je intuitivn\u00ed a snadno pou\u017eiteln\u00fd n\u00e1stroj, kter\u00fd umo\u017e\u0148uje u\u017eivatel\u016fm zkontrolovat, zda webov\u00e9 str\u00e1nky obsahuj\u00ed konkr\u00e9tn\u00ed \u0159et\u011bzec, jako je n\u00e1zev dom\u00e9ny nebo kl\u00ed\u010dov\u00e9 slovo. Tato funkce m\u016f\u017ee b\u00fdt pou\u017eita k rychl\u00e9 a snadn\u00e9 kontrole zp\u011btn\u00fdch odkaz\u016f na va\u0161e webov\u00e9 str\u00e1nky, co\u017e v\u00e1m pom\u016f\u017ee sledovat a analyzovat kvalitu a relevanci odkaz\u016f sm\u011b\u0159uj\u00edc\u00edch na va\u0161e str\u00e1nky. D\u00edky jednoduch\u00e9mu a jednoduch\u00e9mu rozhran\u00ed je Backlink Checker v\u00fdkonn\u00fdm a nezbytn\u00fdm n\u00e1strojem pro ka\u017ed\u00e9ho, kdo chce sledovat a vylep\u0161ovat profil zp\u011btn\u00e9ho odkazu sv\u00fdch webov\u00fdch str\u00e1nek.<\/p>\n<p><img decoding=\"async\" src=\"https:\/\/gsoftwarelab.com\/wp-content\/uploads\/2020\/11\/dasht.png.webp\" alt=\"St\u00e1hn\u011bte si Free Link and Backlink Checking Software, verze 1.0\" title=\"\"><\/p>\n<p>&nbsp;<\/p>\n<p><strong>Kl\u00ed\u010dov\u00e9 vlastnosti<\/strong><\/p>\n<ul>\n<li>Hromadn\u00fd &amp; amp; Podpora hromadn\u00e9ho seznamu<\/li>\n<li>V\u00edcevl\u00e1knov\u00e1 kontrola<\/li>\n<li>Vlastn\u00ed kontrola \u0159et\u011bzce nebo odkazu<\/li>\n<li>Podrobn\u00e9 v\u00fdsledky<\/li>\n<li>100% ZDARMA<\/li>\n<\/ul>","protected":false},"excerpt":{"rendered":"<p>Backlink Checker je intuitivn\u00ed a snadno pou\u017eiteln\u00fd n\u00e1stroj, kter\u00fd umo\u017e\u0148uje u\u017eivatel\u016fm zkontrolovat, zda webov\u00e9 str\u00e1nky obsahuj\u00ed konkr\u00e9tn\u00ed \u0159et\u011bzec, jako je n\u00e1zev dom\u00e9ny nebo kl\u00ed\u010dov\u00e9 slovo. Tato funkce m\u016f\u017ee b\u00fdt pou\u017eita k rychl\u00e9 a snadn\u00e9 kontrole zp\u011btn\u00fdch odkaz\u016f na va\u0161e webov\u00e9 str\u00e1nky, co\u017e v\u00e1m pom\u016f\u017ee sledovat a analyzovat kvalitu a relevanci odkaz\u016f sm\u011b\u0159uj\u00edc\u00edch na va\u0161e str\u00e1nky.<\/p>","protected":false},"featured_media":8294,"comment_status":"closed","ping_status":"closed","template":"","meta":{"rop_custom_images_group":[],"rop_custom_messages_group":[],"rop_publish_now":"initial","rop_publish_now_accounts":{"twitter_2998589429_2998589429":""},"rop_publish_now_history":[],"rop_publish_now_status":"pending"},"product_brand":[2068],"product_cat":[2400,87],"product_tag":[],"class_list":{"0":"post-8292","1":"product","2":"type-product","3":"status-publish","4":"has-post-thumbnail","6":"product_brand-gsoftwarelab","7":"product_cat-free-software","8":"product_cat-software","10":"first","11":"instock","12":"downloadable","13":"virtual","14":"purchasable","15":"product-type-simple"},"wcol_rules":[{"obj_ids":["8312","8292","8298"],"applied_on":"quantity","cus_applied_on":"amount","message":"","accomulative":"","id":8330,"rule_type":"products","product_type":"simple","min_rule_limit":"0","enable_max_rule_limit":"on","max_rule_limit":"1","enable_time_limit":"on","rule_time_span":"yearly","yearly_start_day":"1","yearly_start_month":"01","weekly_start_day":"monday","monthly_start_date":"","enable_for_users":"on","user_type":"guest-users","disable_limit":"","parent_rule":"","across_all_orders":"2","exclude_shipping_price":"","enable_for_payment":"","enable_custom_notice":"","rule_start_time":"","rule_end_time":""}],"_links":{"self":[{"href":"https:\/\/gsoftwarelab.com\/cs\/wp-json\/wp\/v2\/product\/8292","targetHints":{"allow":["GET"]}}],"collection":[{"href":"https:\/\/gsoftwarelab.com\/cs\/wp-json\/wp\/v2\/product"}],"about":[{"href":"https:\/\/gsoftwarelab.com\/cs\/wp-json\/wp\/v2\/types\/product"}],"replies":[{"embeddable":true,"href":"https:\/\/gsoftwarelab.com\/cs\/wp-json\/wp\/v2\/comments?post=8292"}],"wp:featuredmedia":[{"embeddable":true,"href":"https:\/\/gsoftwarelab.com\/cs\/wp-json\/wp\/v2\/media\/8294"}],"wp:attachment":[{"href":"https:\/\/gsoftwarelab.com\/cs\/wp-json\/wp\/v2\/media?parent=8292"}],"wp:term":[{"taxonomy":"product_brand","embeddable":true,"href":"https:\/\/gsoftwarelab.com\/cs\/wp-json\/wp\/v2\/product_brand?post=8292"},{"taxonomy":"product_cat","embeddable":true,"href":"https:\/\/gsoftwarelab.com\/cs\/wp-json\/wp\/v2\/product_cat?post=8292"},{"taxonomy":"product_tag","embeddable":true,"href":"https:\/\/gsoftwarelab.com\/cs\/wp-json\/wp\/v2\/product_tag?post=8292"}],"curies":[{"name":"wp","href":"https:\/\/api.w.org\/{rel}","templated":true}]}}