{"id":8173,"date":"2025-09-12T16:31:09","date_gmt":"2025-09-12T14:31:09","guid":{"rendered":"https:\/\/gsoftwarelab.com\/?post_type=product&#038;p=8173"},"modified":"2026-01-14T05:49:24","modified_gmt":"2026-01-14T03:49:24","slug":"addon-geosync-pro-unlock-authenticity-and-automation","status":"publish","type":"product","link":"https:\/\/gsoftwarelab.com\/cs\/produkt\/addon-geosync-pro-unlock-authenticity-and-automation\/","title":{"rendered":"Dopln\u011bk: GeoSync Pro"},"content":{"rendered":"<p><strong>GeoSync Pro: Odemkn\u011bte autenticitu a automatizaci s nulov\u00fdm \u00fasil\u00edm<\/strong><\/p>\n<p>Upgrade na <b>GeoSync Pro <\/b>(p\u0159esm\u011brov\u00e1no z Addon for <a href=\"https:\/\/gsoftwarelab.com\/cs\/organic-website-traffic-bot\/\">Traffic Buddy<\/a>). Okam\u017eit\u011b synchronizujte \u010dasov\u00e9 p\u00e1smo, jazyk a geolokaci prohl\u00ed\u017ee\u010de (lat\/long) s va\u0161\u00edm prohl\u00ed\u017ee\u010dem. proxy du\u0161evn\u00ed vlastnictv\u00ed. Tato automatizace jedn\u00edm kliknut\u00edm vytv\u00e1\u0159\u00ed bezchybn\u00fd digit\u00e1ln\u00ed otisk prstu, kter\u00fd obch\u00e1z\u00ed detekci a je nezbytn\u00fd pro zvl\u00e1dnut\u00ed rotace proxies.<\/p>\n<ul>\n<li><b>Okam\u017eit\u00e1 synchronizace profil\u016f:<\/b> Automaticky p\u0159i\u0159azuje \u010dasov\u00e9 p\u00e1smo prohl\u00ed\u017ee\u010de, jazyk a p\u0159esn\u00e9 sou\u0159adnice lat\/long k va\u0161emu proxy IP v re\u00e1ln\u00e9m \u010dase.<\/li>\n<li><b>Detekce obtoku:<\/b> Vytv\u00e1\u0159\u00ed dokonale konzistentn\u00ed digit\u00e1ln\u00ed otisk prstu, kter\u00fd eliminuje \u010derven\u00e9 vlajky a zobraz\u00ed se 100% autentick\u00e9.<\/li>\n<li><b>Hlavn\u00ed rotuj\u00edc\u00ed proxy servery:<\/b> Zaji\u0161\u0165uje, aby ka\u017ed\u00e9 p\u0159ipojen\u00ed z nov\u00e9 IP adresy bylo okam\u017eit\u011b a dokonale slad\u011bno.<\/li>\n<li><b>M\u011bs\u00ed\u010dn\u00ed p\u0159edplatn\u00e9:<\/b> V\u00e1\u0161 \u0159idi\u010dsk\u00fd pr\u016fkaz se bude ka\u017ed\u00fd m\u011bs\u00edc obnovovat. Po zakoupen\u00ed v\u00e1m n\u00e1\u0161 t\u00fdm poskytne \u00fa\u010det a po dokon\u010den\u00ed aktivace v\u00e1m po\u0161le e-mail.<\/li>\n<\/ul>\n<p>Po Va\u0161\u00ed objedn\u00e1vce, na\u0161e <a href=\"https:\/\/gsoftwarelab.com\/cs\/contact-us\/\">Podp\u016frn\u00fd t\u00fdm<\/a> zpracuje manu\u00e1ln\u00ed aktivaci a upozorn\u00ed v\u00e1s e-mailem, jakmile bude nastaven\u00ed dokon\u010deno do 48 hodin.<\/p>\n<p><strong>Podm\u00ednky p\u0159edplatn\u00e9ho:<\/strong><\/p>\n<ul>\n<li>Automatick\u00e9 prodlu\u017eov\u00e1n\u00ed ka\u017ed\u00fd m\u011bs\u00edc a\u017e do zru\u0161en\u00ed<\/li>\n<li>Podpora a aktualizace b\u011bhem obdob\u00ed p\u0159edplatn\u00e9ho<\/li>\n<\/ul>","protected":false},"excerpt":{"rendered":"<p>Upgrade na GeoSync Pro (Addon pro Traffic Buddy) a automaticky p\u0159i\u0159azuje \u010dasov\u00e9 p\u00e1smo, jazyk a geolokaci va\u0161eho prohl\u00ed\u017ee\u010de k va\u0161emu proxyIP adresa. Eliminujte ru\u010dn\u00ed konfiguraci a vytvo\u0159te dokonale konzistentn\u00ed profily jedin\u00fdm kliknut\u00edm. Ide\u00e1ln\u00ed pro rotaci proxies.<\/p>","protected":false},"featured_media":8174,"comment_status":"open","ping_status":"closed","template":"","meta":{"rop_custom_images_group":[],"rop_custom_messages_group":[],"rop_publish_now":"initial","rop_publish_now_accounts":{"twitter_2998589429_2998589429":""},"rop_publish_now_history":[],"rop_publish_now_status":"pending"},"product_brand":[2068,2071],"product_cat":[87,158,104],"product_tag":[],"class_list":{"0":"post-8173","1":"product","2":"type-product","3":"status-publish","4":"has-post-thumbnail","6":"product_brand-gsoftwarelab","7":"product_brand-traffic-buddy","8":"product_cat-software","9":"product_cat-services","10":"product_cat-traffic-buddy","12":"first","13":"outofstock","14":"virtual","15":"purchasable","16":"product-type-simple"},"wcol_rules":[],"_links":{"self":[{"href":"https:\/\/gsoftwarelab.com\/cs\/wp-json\/wp\/v2\/product\/8173","targetHints":{"allow":["GET"]}}],"collection":[{"href":"https:\/\/gsoftwarelab.com\/cs\/wp-json\/wp\/v2\/product"}],"about":[{"href":"https:\/\/gsoftwarelab.com\/cs\/wp-json\/wp\/v2\/types\/product"}],"replies":[{"embeddable":true,"href":"https:\/\/gsoftwarelab.com\/cs\/wp-json\/wp\/v2\/comments?post=8173"}],"wp:featuredmedia":[{"embeddable":true,"href":"https:\/\/gsoftwarelab.com\/cs\/wp-json\/wp\/v2\/media\/8174"}],"wp:attachment":[{"href":"https:\/\/gsoftwarelab.com\/cs\/wp-json\/wp\/v2\/media?parent=8173"}],"wp:term":[{"taxonomy":"product_brand","embeddable":true,"href":"https:\/\/gsoftwarelab.com\/cs\/wp-json\/wp\/v2\/product_brand?post=8173"},{"taxonomy":"product_cat","embeddable":true,"href":"https:\/\/gsoftwarelab.com\/cs\/wp-json\/wp\/v2\/product_cat?post=8173"},{"taxonomy":"product_tag","embeddable":true,"href":"https:\/\/gsoftwarelab.com\/cs\/wp-json\/wp\/v2\/product_tag?post=8173"}],"curies":[{"name":"wp","href":"https:\/\/api.w.org\/{rel}","templated":true}]}}