{"id":7934,"date":"2025-07-23T11:07:34","date_gmt":"2025-07-23T09:07:34","guid":{"rendered":"https:\/\/gsoftwarelab.com\/?post_type=product&#038;p=7934"},"modified":"2026-04-10T23:24:56","modified_gmt":"2026-04-10T21:24:56","slug":"custom-software-development-1-hour","status":"publish","type":"product","link":"https:\/\/gsoftwarelab.com\/cs\/produkt\/custom-software-development-1-hour\/","title":{"rendered":"Zak\u00e1zkov\u00fd v\u00fdvoj softwaru"},"content":{"rendered":"<p data-start=\"110\" data-end=\"488\">Odemkn\u011bte \u0159e\u0161en\u00ed \u0161it\u00e1 na m\u00edru s na\u0161imi <strong>Zak\u00e1zkov\u00fd v\u00fdvoj softwaru<\/strong> slu\u017eby, jejich\u017e c\u00edlem je o\u017eivit va\u0161e jedine\u010dn\u00e9 n\u00e1pady. A\u0165 u\u017e se sna\u017e\u00edte vylep\u0161it na\u0161e st\u00e1vaj\u00edc\u00ed produkty \u2013 Traffic Buddy, Proxy Buddy nebo Index Buddy \u2013 se siln\u00fdm <strong>vlastn\u00ed roz\u0161\u00ed\u0159en\u00ed<\/strong>, nebo postavit n\u011bco \u00fapln\u011b nov\u00e9ho od nuly, m\u00e1me v\u00e1s pokryt\u00e9.<\/p>\n<p data-start=\"490\" data-end=\"810\">Na\u0161i zku\u0161en\u00ed v\u00fdvoj\u00e1\u0159i s v\u00e1mi \u00fazce spolupracuj\u00ed, aby porozum\u011bli va\u0161im specifick\u00fdm c\u00edl\u016fm, pracovn\u00edm postup\u016fm a po\u017eadavk\u016fm a zajistili, \u017ee va\u0161e vlastn\u00ed \u0159e\u0161en\u00ed hladce zapadne do va\u0161ich operac\u00ed. Od automatizace prohl\u00ed\u017ee\u010de a SEO n\u00e1stroj\u016f a\u017e po zpracov\u00e1n\u00ed dat a s\u00ed\u0165ov\u00e9 n\u00e1stroje, dod\u00e1v\u00e1me \u010dist\u00fd, efektivn\u00ed a spolehliv\u00fd k\u00f3d, kter\u00fd funguje.<\/p>\n<ul data-start=\"812\" data-end=\"1101\">\n<li data-start=\"812\" data-end=\"880\">\n<p data-start=\"814\" data-end=\"880\">\u2705 Vlastn\u00ed roz\u0161\u00ed\u0159en\u00ed pro Traffic Buddy (na\u0161e <a href=\"https:\/\/gsoftwarelab.com\/cs\/organic-website-traffic-bot\/\">n\u00e1stroj pro automatizaci dopravy<\/a>), Proxy Buddy &amp; Index Buddy<\/p>\n<\/li>\n<li data-start=\"881\" data-end=\"948\">\n<p data-start=\"883\" data-end=\"948\">\u2705 Pln\u011b vlastn\u00ed samostatn\u00e9 programy zalo\u017een\u00e9 na va\u0161ich specifikac\u00edch<\/p>\n<\/li>\n<li data-start=\"949\" data-end=\"993\">\n<p data-start=\"951\" data-end=\"993\">\u2705 \u0160k\u00e1lovateln\u00e1 \u0159e\u0161en\u00ed zalo\u017een\u00e1 na v\u00fdkonu<\/p>\n<\/li>\n<li data-start=\"994\" data-end=\"1060\">\n<p data-start=\"996\" data-end=\"1060\">\u2705 Odborn\u00e1 konzultace v pr\u016fb\u011bhu cel\u00e9ho procesu v\u00fdvoje<\/p>\n<\/li>\n<li data-start=\"1061\" data-end=\"1101\">\n<p data-start=\"1063\" data-end=\"1101\">\u2705 Transparentn\u00ed ceny, \u00fa\u010dtovan\u00e9 ka\u017edou hodinu<\/p>\n<\/li>\n<\/ul>\n<p data-start=\"1103\" data-end=\"1197\"><strong data-start=\"1103\" data-end=\"1114\">Ceny<\/strong>: V\u00fdvoj je \u00fa\u010dtov\u00e1n na hodinov\u00e9m z\u00e1klad\u011b s \u00faplnou transparentnost\u00ed p\u0159ibli\u017en\u00fdch po\u017eadovan\u00fdch hodin.<\/p>\n<p data-start=\"1199\" data-end=\"1262\">Vytvo\u0159me n\u00e1stroje, kter\u00e9 funguj\u00ed p\u0159esn\u011b tak, jak <em data-start=\"1243\" data-end=\"1248\">ty<\/em> Chci, aby to ud\u011blali.<\/p>\n<p data-start=\"1199\" data-end=\"1262\">Pros\u00edm <a href=\"https:\/\/gsoftwarelab.com\/cs\/contact-us\/\">Kontaktujte n\u00e1s<\/a> Koordinujte sv\u00e9 n\u00e1pady.<\/p>","protected":false},"excerpt":{"rendered":"<p>V\u00fdvoj vlastn\u00edch softwarov\u00fdch n\u00e1stroj\u016f nebo roz\u0161\u00ed\u0159en\u00ed pro na\u0161e st\u00e1vaj\u00edc\u00ed programy, \u00fa\u010dtovan\u00e9 za hodinu.<\/p>","protected":false},"featured_media":7935,"comment_status":"open","ping_status":"closed","template":"","meta":{"rop_custom_images_group":[],"rop_custom_messages_group":[],"rop_publish_now":"initial","rop_publish_now_accounts":{"twitter_2998589429_2998589429":""},"rop_publish_now_history":[],"rop_publish_now_status":"pending"},"product_brand":[],"product_cat":[158],"product_tag":[],"class_list":{"0":"post-7934","1":"product","2":"type-product","3":"status-publish","4":"has-post-thumbnail","6":"product_cat-services","8":"first","9":"instock","10":"virtual","11":"purchasable","12":"product-type-simple"},"wcol_rules":[],"_links":{"self":[{"href":"https:\/\/gsoftwarelab.com\/cs\/wp-json\/wp\/v2\/product\/7934","targetHints":{"allow":["GET"]}}],"collection":[{"href":"https:\/\/gsoftwarelab.com\/cs\/wp-json\/wp\/v2\/product"}],"about":[{"href":"https:\/\/gsoftwarelab.com\/cs\/wp-json\/wp\/v2\/types\/product"}],"replies":[{"embeddable":true,"href":"https:\/\/gsoftwarelab.com\/cs\/wp-json\/wp\/v2\/comments?post=7934"}],"wp:featuredmedia":[{"embeddable":true,"href":"https:\/\/gsoftwarelab.com\/cs\/wp-json\/wp\/v2\/media\/7935"}],"wp:attachment":[{"href":"https:\/\/gsoftwarelab.com\/cs\/wp-json\/wp\/v2\/media?parent=7934"}],"wp:term":[{"taxonomy":"product_brand","embeddable":true,"href":"https:\/\/gsoftwarelab.com\/cs\/wp-json\/wp\/v2\/product_brand?post=7934"},{"taxonomy":"product_cat","embeddable":true,"href":"https:\/\/gsoftwarelab.com\/cs\/wp-json\/wp\/v2\/product_cat?post=7934"},{"taxonomy":"product_tag","embeddable":true,"href":"https:\/\/gsoftwarelab.com\/cs\/wp-json\/wp\/v2\/product_tag?post=7934"}],"curies":[{"name":"wp","href":"https:\/\/api.w.org\/{rel}","templated":true}]}}