{"id":7899,"date":"2025-07-21T09:02:57","date_gmt":"2025-07-21T07:02:57","guid":{"rendered":"https:\/\/gsoftwarelab.com\/?post_type=product&#038;p=7899"},"modified":"2026-04-06T11:09:51","modified_gmt":"2026-04-06T09:09:51","slug":"private-proxies-1-month","status":"publish","type":"product","link":"https:\/\/gsoftwarelab.com\/cs\/produkt\/private-proxies-1-month\/","title":{"rendered":"Soukrom\u00e9 z\u00e1stupn\u00e9 ukazatele \u2013 1 m\u011bs\u00edc"},"content":{"rendered":"<p>P\u0159edstavujeme V\u00e1m na\u0161i nejnov\u011bj\u0161\u00ed nab\u00eddku: <strong>Soukrom\u00e9 z\u00e1stupn\u00e9 \u00fadaje <\/strong>\u00a0\u2013 1 m\u011bs\u00ed\u010dn\u00ed pl\u00e1n p\u0159edplatn\u00e9ho s <strong>250 GB zahrnut\u00e9ho provozu <\/strong>a voliteln\u011b <strong>pravideln\u00e9 nahrazov\u00e1n\u00ed IP adres<\/strong>. Tato pr\u00e9miov\u00e1 slu\u017eba zaji\u0161\u0165uje bezpe\u010dn\u00e9 a efektivn\u00ed prohl\u00ed\u017een\u00ed s vyhrazen\u00fdm proxy baz\u00e9n z vybran\u00fdch lokalit GEO po cel\u00e9m sv\u011bt\u011b. Zachovejte si sv\u00e9 soukrom\u00ed a za\u017eijte bezprobl\u00e9movou konektivitu s na\u0161imi exkluzivn\u00edmi slu\u017ebami proxy \u0158e\u0161en\u00ed \u0161it\u00e9 na m\u00edru va\u0161im pot\u0159eb\u00e1m.<\/p>\n<ul>\n<li>1000 \u2013 10000 P\u00e1te\u0159n\u00ed proxy p\u0159ipojen\u00ed (IP:PORT:USER:PASS)<\/li>\n<li>1x Oto\u010dn\u00fd koncov\u00fd bod p\u0159ipojen\u00ed (nov\u00e1 proxy na ka\u017ed\u00e9m p\u0159ipojen\u00ed)<\/li>\n<li>250GB Traffic (roz\u0161i\u0159iteln\u00fd)<\/li>\n<li>Celosv\u011btov\u00e9 GEO lokality mo\u017en\u00e9<\/li>\n<li>100 proxy vl\u00e1ken<\/li>\n<li>Podpora p\u0159ipojen\u00ed HTTP\/HTTPS<\/li>\n<li>Podpora p\u0159ipojen\u00ed SOCKS5<\/li>\n<\/ul>\n<p>Tato objedn\u00e1vka bude zpracov\u00e1na ru\u010dn\u011b a jej\u00ed vy\u0159\u00edzen\u00ed m\u016f\u017ee trvat a\u017e 48 hodin. Pot\u00e9 v\u00e1s budeme kontaktovat, abychom s v\u00e1mi koordinovali po\u017eadovan\u00e1 m\u00edsta GEO.<br \/>\nV sou\u010dasn\u00e9 dob\u011b nem\u016f\u017eeme nab\u00eddnout vr\u00e1cen\u00ed pen\u011bz za tuto slu\u017ebu pot\u00e9, co byla objedn\u00e1vka zpracov\u00e1na.<\/p>","protected":false},"excerpt":{"rendered":"<p><strong>Soukrom\u00e9 z\u00e1stupn\u00e9 \u00fadaje <\/strong>\u00a0\u2013 1 m\u011bs\u00ed\u010dn\u00ed pl\u00e1n p\u0159edplatn\u00e9ho s <strong>250 GB zahrnut\u00e9ho provozu <\/strong>a voliteln\u011b<strong> V\u00fdm\u011bna du\u0161evn\u00edho vlastnictv\u00ed.<\/strong><\/p>","protected":false},"featured_media":7931,"comment_status":"open","ping_status":"closed","template":"","meta":{"rop_custom_images_group":[],"rop_custom_messages_group":[],"rop_publish_now":"initial","rop_publish_now_accounts":{"twitter_2998589429_2998589429":""},"rop_publish_now_history":[],"rop_publish_now_status":"pending"},"product_brand":[],"product_cat":[158],"product_tag":[],"class_list":{"0":"post-7899","1":"product","2":"type-product","3":"status-publish","4":"has-post-thumbnail","6":"product_cat-services","8":"first","9":"instock","10":"shipping-taxable","11":"purchasable","12":"product-type-variable"},"wcol_rules":[],"_links":{"self":[{"href":"https:\/\/gsoftwarelab.com\/cs\/wp-json\/wp\/v2\/product\/7899","targetHints":{"allow":["GET"]}}],"collection":[{"href":"https:\/\/gsoftwarelab.com\/cs\/wp-json\/wp\/v2\/product"}],"about":[{"href":"https:\/\/gsoftwarelab.com\/cs\/wp-json\/wp\/v2\/types\/product"}],"replies":[{"embeddable":true,"href":"https:\/\/gsoftwarelab.com\/cs\/wp-json\/wp\/v2\/comments?post=7899"}],"wp:featuredmedia":[{"embeddable":true,"href":"https:\/\/gsoftwarelab.com\/cs\/wp-json\/wp\/v2\/media\/7931"}],"wp:attachment":[{"href":"https:\/\/gsoftwarelab.com\/cs\/wp-json\/wp\/v2\/media?parent=7899"}],"wp:term":[{"taxonomy":"product_brand","embeddable":true,"href":"https:\/\/gsoftwarelab.com\/cs\/wp-json\/wp\/v2\/product_brand?post=7899"},{"taxonomy":"product_cat","embeddable":true,"href":"https:\/\/gsoftwarelab.com\/cs\/wp-json\/wp\/v2\/product_cat?post=7899"},{"taxonomy":"product_tag","embeddable":true,"href":"https:\/\/gsoftwarelab.com\/cs\/wp-json\/wp\/v2\/product_tag?post=7899"}],"curies":[{"name":"wp","href":"https:\/\/api.w.org\/{rel}","templated":true}]}}