{"id":5915,"date":"2023-02-04T16:45:33","date_gmt":"2023-02-04T14:45:33","guid":{"rendered":"https:\/\/gsoftwarelab.com\/?post_type=product&#038;p=5915"},"modified":"2025-11-10T06:30:58","modified_gmt":"2025-11-10T04:30:58","slug":"index-buddy-v2","status":"publish","type":"product","link":"https:\/\/gsoftwarelab.com\/cs\/produkt\/index-buddy-v2\/","title":{"rendered":"Index Buddy"},"content":{"rendered":"<h2 class=\"elementor-image-box-title\">Index Buddy V2 \u2013 Bulk SEO Link Indexer<\/h2>\n<div class=\"flex flex-grow flex-col gap-3\">\n<div class=\"min-h-[20px] flex flex-col items-start gap-4 whitespace-pre-wrap\">\n<div class=\"markdown prose w-full break-words dark:prose-invert light\">\n<p>Index Buddy V2 je nejnov\u011bj\u0161\u00ed a vylep\u0161en\u00e1 verze Index Buddy. Nab\u00edz\u00ed pokro\u010dil\u00e9 a vylep\u0161en\u00e9 funkce indexov\u00e1n\u00ed, kter\u00e9 pom\u00e1haj\u00ed zv\u00fd\u0161it viditelnost a hodnocen\u00ed va\u0161ich webov\u00fdch str\u00e1nek nebo adres URL na hlavn\u00edch vyhled\u00e1va\u010d\u00edch, jako je Google, Bing a Baidu. Tento software je navr\u017een tak, aby byl u\u017eivatelsky p\u0159\u00edv\u011btiv\u00fd a v\u00fdkonn\u00fd, co\u017e v\u00e1m usnad\u0148uje indexov\u00e1n\u00ed jednotliv\u00fdch adres URL, cel\u00fdch webov\u00fdch str\u00e1nek nebo hromadn\u00fdch seznam\u016f adres URL v n\u011bkolika m\u00e1lo kliknut\u00edch.<\/p>\n<p>S m\u011bs\u00ed\u010dn\u00edm p\u0159edplatn\u00fdm pro Index Buddy V2, m\u016f\u017eete si vychutnat bezprobl\u00e9mov\u00e9 a nep\u0159eru\u0161ovan\u00e9 indexov\u00e1n\u00ed na jednom po\u010d\u00edta\u010di. V\u0161echny budouc\u00ed aktualizace, nov\u00e9 funkce a opravy chyb jsou zahrnuty po dobu 1 m\u011bs\u00edce, co\u017e zaji\u0161\u0165uje, \u017ee budete m\u00edt v\u017edy p\u0159\u00edstup k nejaktu\u00e1ln\u011bj\u0161\u00ed verzi softwaru.<\/p>\n<p><img decoding=\"async\" class=\"aligncenter wp-image-6384 size-full\" src=\"https:\/\/gsoftwarelab.com\/wp-content\/uploads\/2023\/02\/Indexing.gif\" alt=\"Index Buddy Proces indexov\u00e1n\u00ed odkaz\u016f a zp\u011btn\u00fdch odkaz\u016f\" width=\"1000\" height=\"650\" title=\"\"><\/p>\n<\/div>\n<\/div>\n<\/div>\n<p>&nbsp;<\/p>\n<p><strong>Minim\u00e1ln\u00ed syst\u00e9mov\u00e9 po\u017eadavky:<\/strong><\/p>\n<ul>\n<li>Opera\u010dn\u00ed syst\u00e9m: Windows 10 (verze 22H2 nebo nov\u011bj\u0161\u00ed), Windows 11 (v\u0161echny verze), Windows Server 2019 a nov\u011bj\u0161\u00ed<\/li>\n<li>8 GB pam\u011bti RAM<\/li>\n<li>10 GB \u00falo\u017ei\u0161t\u011b<\/li>\n<li>4 j\u00e1dra<\/li>\n<li>Stabiln\u00ed p\u0159ipojen\u00ed k internetu<\/li>\n<\/ul>\n<p><strong>Objedn\u00e1vka zahrnuje:<\/strong><\/p>\n<ul>\n<li>1 m\u011bs\u00ed\u010dn\u00ed p\u0159edplatn\u00e9 softwaru (<span class=\"HwtZe\" lang=\"en\"><span class=\"jCAhz ChMk0b\"><span class=\"ryNqvb\">1PC)<\/span><\/span><\/span><\/li>\n<li>1 m\u011bs\u00edc komplexn\u00ed podpory<\/li>\n<\/ul>\n<p><strong>Podm\u00ednky p\u0159edplatn\u00e9ho:<\/strong><\/p>\n<ul>\n<li>Automatick\u00e9 prodlu\u017eov\u00e1n\u00ed ka\u017ed\u00fd m\u011bs\u00edc a\u017e do zru\u0161en\u00ed<\/li>\n<li>Podpora a aktualizace b\u011bhem obdob\u00ed p\u0159edplatn\u00e9ho<\/li>\n<\/ul>\n<p><strong><a href=\"https:\/\/gsoftwarelab.com\/cs\/index-buddy-backlink-indexer\/\">Dozv\u011bd\u011bt se v\u00edce o Index Buddy (Syst\u00e9m pro indexov\u00e1n\u00ed odkaz\u016f)<\/a><\/strong><br \/>\n<strong><a href=\"https:\/\/docs.gsoftwarelab.com\/\">P\u0159e\u010dt\u011bte si dokumentaci<\/a><\/strong><\/p>\n<p><strong><a href=\"https:\/\/gsoftwarelab.com\/cs\/organic-traffic-view-bot\/\">Dozv\u011bd\u011bt se v\u00edce o Traffic Buddy<\/a><a href=\"https:\/\/gsoftwarelab.com\/cs\/organic-traffic-view-bot\/\"> (dopravn\u00ed bot)<\/a><br \/>\n<a href=\"https:\/\/gsoftwarelab.com\/cs\/proxy-buddy-scraper-tester\/\">Dozv\u011bd\u011bt se v\u00edce o Proxy Buddy <\/a><a href=\"https:\/\/gsoftwarelab.com\/cs\/proxy-buddy-scraper-tester\/\">(p\u0159esm\u011brov\u00e1no z Proxy Scraper)<\/a><\/strong><\/p>","protected":false},"excerpt":{"rendered":"<p>Index Buddy V2, ide\u00e1ln\u00ed n\u00e1stroj pro indexov\u00e1n\u00ed obrovsk\u00e9 seznamy zp\u011btn\u00fdch odkaz\u016f do vyhled\u00e1va\u010d\u016f.<\/p>","protected":false},"featured_media":7727,"comment_status":"open","ping_status":"closed","template":"","meta":{"rop_custom_images_group":[],"rop_custom_messages_group":[],"rop_publish_now":"initial","rop_publish_now_accounts":{"twitter_2998589429_2998589429":""},"rop_publish_now_history":[],"rop_publish_now_status":"pending"},"product_brand":[2068,2070],"product_cat":[89,87],"product_tag":[190,2383,191,2384,192,193],"class_list":{"0":"post-5915","1":"product","2":"type-product","3":"status-publish","4":"has-post-thumbnail","6":"product_brand-gsoftwarelab","7":"product_brand-index-buddy","8":"product_cat-index-buddy","9":"product_cat-software","10":"product_tag-backlink-indexer","11":"product_tag-backlink-indexer-subscription","12":"product_tag-indexing-software","13":"product_tag-indexing-software-subscription","14":"product_tag-indexing-tool","15":"product_tag-url-indexer","17":"first","18":"instock","19":"featured","20":"downloadable","21":"virtual","22":"purchasable","23":"product-type-simple"},"wcol_rules":[],"_links":{"self":[{"href":"https:\/\/gsoftwarelab.com\/cs\/wp-json\/wp\/v2\/product\/5915","targetHints":{"allow":["GET"]}}],"collection":[{"href":"https:\/\/gsoftwarelab.com\/cs\/wp-json\/wp\/v2\/product"}],"about":[{"href":"https:\/\/gsoftwarelab.com\/cs\/wp-json\/wp\/v2\/types\/product"}],"replies":[{"embeddable":true,"href":"https:\/\/gsoftwarelab.com\/cs\/wp-json\/wp\/v2\/comments?post=5915"}],"wp:featuredmedia":[{"embeddable":true,"href":"https:\/\/gsoftwarelab.com\/cs\/wp-json\/wp\/v2\/media\/7727"}],"wp:attachment":[{"href":"https:\/\/gsoftwarelab.com\/cs\/wp-json\/wp\/v2\/media?parent=5915"}],"wp:term":[{"taxonomy":"product_brand","embeddable":true,"href":"https:\/\/gsoftwarelab.com\/cs\/wp-json\/wp\/v2\/product_brand?post=5915"},{"taxonomy":"product_cat","embeddable":true,"href":"https:\/\/gsoftwarelab.com\/cs\/wp-json\/wp\/v2\/product_cat?post=5915"},{"taxonomy":"product_tag","embeddable":true,"href":"https:\/\/gsoftwarelab.com\/cs\/wp-json\/wp\/v2\/product_tag?post=5915"}],"curies":[{"name":"wp","href":"https:\/\/api.w.org\/{rel}","templated":true}]}}