{"id":3541,"date":"2021-11-17T18:40:19","date_gmt":"2021-11-17T16:40:19","guid":{"rendered":"https:\/\/gsoftwarelab.com\/?post_type=product&#038;p=3541"},"modified":"2025-11-27T09:41:16","modified_gmt":"2025-11-27T07:41:16","slug":"seo-agency-bundle","status":"publish","type":"product","link":"https:\/\/gsoftwarelab.com\/cs\/produkt\/seo-agency-bundle\/","title":{"rendered":"SEO agentura Bundle"},"content":{"rendered":"<div class=\"flex flex-grow flex-col gap-3\">\n<div class=\"min-h-[20px] flex flex-col items-start gap-4 whitespace-pre-wrap break-words\">\n<div class=\"markdown prose w-full break-words dark:prose-invert light\">\n<p><strong>Odemknout dal\u0161\u00edch 25% Sleva na n\u00e1\u0161 bal\u00ed\u010dek produkt\u016f Premier:<\/strong> <strong>Kone\u010dn\u00e9 \u0159e\u0161en\u00ed pro agentury, freelancery a SEO profesion\u00e1ly.<\/strong><\/p>\n<p>Vyu\u017eijte t\u00e9to exkluzivn\u00ed p\u0159\u00edle\u017eitosti a pozvedn\u011bte sv\u00e9 podnik\u00e1n\u00ed pomoc\u00ed komplexn\u00edho a cenov\u011b dostupn\u00e9ho \u0159e\u0161en\u00ed p\u0159izp\u016fsoben\u00e9ho agentur\u00e1m, freelancer\u016fm a SEO odborn\u00edk\u016fm. N\u00e1\u0161 prvn\u00ed produktov\u00fd bal\u00ed\u010dek obsahuje n\u00e1\u0161 \u0161pi\u010dkov\u00fd software, \u0161pi\u010dkov\u00e9 n\u00e1stroje, neoceniteln\u00e9 zdroje a specializovanou podporu, kter\u00e1 zaji\u0161\u0165uje, \u017ee m\u00e1te v\u0161e na dosah ruky, abyste vylep\u0161ili sv\u00e9 webov\u00e9 str\u00e1nky a zv\u00fd\u0161ili svou online p\u0159\u00edtomnost.<\/p>\n<p>Za\u017eijte v\u00fdhody na\u0161ich nejlep\u0161\u00edch produkt\u016f a slu\u017eeb ve sv\u00e9 t\u0159\u00edd\u011b a z\u00e1rove\u0148 \u0161et\u0159ete \u010das i pen\u00edze. Tato \u010dasov\u011b omezen\u00e1 nab\u00eddka nebude trvat dlouho, proto jednejte nyn\u00ed a zajist\u011bte si sv\u00fdch 25% slevy a investovat do ultim\u00e1tn\u00edho souboru n\u00e1stroj\u016f pro digit\u00e1ln\u00ed \u00fasp\u011bch.<\/p>\n<p><strong>V\u00e1\u0161 n\u00e1kup zahrnuje:<\/strong><\/p>\n<ul>\n<li><a href=\"https:\/\/gsoftwarelab.com\/cs\/proxy-scraper-and-proxy-tester-software\/\"><strong>Proxy Buddy<\/strong><\/a> M\u011bs\u00ed\u010dn\u00ed licence pro jedno PC<\/li>\n<li><a href=\"https:\/\/gsoftwarelab.com\/cs\/organic-traffic-view-bot\/\"><strong>Traffic Buddy<\/strong><\/a> M\u011bs\u00ed\u010dn\u00ed licence pro jedno PC<\/li>\n<li><a href=\"https:\/\/gsoftwarelab.com\/cs\/index-buddy-backlink-indexer\/\"><strong>Index Buddy v2<\/strong><\/a> M\u011bs\u00ed\u010dn\u00ed licence pro jedno PC<\/li>\n<li>Komplexn\u00ed <strong>Podpora<\/strong><\/li>\n<li>P\u0159\u00edsp\u011bvek na v\u00fdsadbu\u00a0 <strong>5 strom\u016f<\/strong><\/li>\n<\/ul>\n<p><strong>Podm\u00ednky p\u0159edplatn\u00e9ho:<\/strong><\/p>\n<ul>\n<li>Automatick\u00e9 prodlu\u017eov\u00e1n\u00ed ka\u017ed\u00fd m\u011bs\u00edc a\u017e do zru\u0161en\u00ed<\/li>\n<li>Podpora a aktualizace b\u011bhem obdob\u00ed p\u0159edplatn\u00e9ho<\/li>\n<\/ul>\n<\/div>\n<\/div>\n<\/div>","protected":false},"excerpt":{"rendered":"<p class=\"root-block-node\" data-changed=\"false\" data-paragraphid=\"3\">Na\u0161e nejobl\u00edben\u011bj\u0161\u00ed produkty ve svazku s p\u0159\u00eddavn\u00fdm 25% sleva. Ide\u00e1ln\u00ed pro agentury, freelancery a SEO odborn\u00edky.<\/p>","protected":false},"featured_media":7662,"comment_status":"open","ping_status":"closed","template":"","meta":{"rop_custom_images_group":[],"rop_custom_messages_group":[],"rop_publish_now":"initial","rop_publish_now_accounts":{"twitter_2998589429_2998589429":""},"rop_publish_now_history":[],"rop_publish_now_status":"pending"},"product_brand":[2068],"product_cat":[89,88,87,104],"product_tag":[691,191,98,693,690,2369,2370,692,2387,696],"class_list":{"0":"post-3541","1":"product","2":"type-product","3":"status-publish","4":"has-post-thumbnail","6":"product_brand-gsoftwarelab","7":"product_cat-index-buddy","8":"product_cat-proxy-buddy","9":"product_cat-software","10":"product_cat-traffic-buddy","11":"product_tag-bundle","12":"product_tag-indexing-software","13":"product_tag-proxy-scraper","14":"product_tag-sale","15":"product_tag-seo-bundle","16":"product_tag-seo-software","17":"product_tag-seo-software-bundle","18":"product_tag-software-bundle","19":"product_tag-software-bundle-subscription","20":"product_tag-traffic-bot","22":"first","23":"instock","24":"sale","25":"featured","26":"virtual","27":"purchasable","28":"product-type-woosb"},"wcol_rules":[],"_links":{"self":[{"href":"https:\/\/gsoftwarelab.com\/cs\/wp-json\/wp\/v2\/product\/3541","targetHints":{"allow":["GET"]}}],"collection":[{"href":"https:\/\/gsoftwarelab.com\/cs\/wp-json\/wp\/v2\/product"}],"about":[{"href":"https:\/\/gsoftwarelab.com\/cs\/wp-json\/wp\/v2\/types\/product"}],"replies":[{"embeddable":true,"href":"https:\/\/gsoftwarelab.com\/cs\/wp-json\/wp\/v2\/comments?post=3541"}],"wp:featuredmedia":[{"embeddable":true,"href":"https:\/\/gsoftwarelab.com\/cs\/wp-json\/wp\/v2\/media\/7662"}],"wp:attachment":[{"href":"https:\/\/gsoftwarelab.com\/cs\/wp-json\/wp\/v2\/media?parent=3541"}],"wp:term":[{"taxonomy":"product_brand","embeddable":true,"href":"https:\/\/gsoftwarelab.com\/cs\/wp-json\/wp\/v2\/product_brand?post=3541"},{"taxonomy":"product_cat","embeddable":true,"href":"https:\/\/gsoftwarelab.com\/cs\/wp-json\/wp\/v2\/product_cat?post=3541"},{"taxonomy":"product_tag","embeddable":true,"href":"https:\/\/gsoftwarelab.com\/cs\/wp-json\/wp\/v2\/product_tag?post=3541"}],"curies":[{"name":"wp","href":"https:\/\/api.w.org\/{rel}","templated":true}]}}