{"id":1411,"date":"2020-05-14T10:21:22","date_gmt":"2020-05-14T08:21:22","guid":{"rendered":"https:\/\/gsoftwarelab.com\/?post_type=product&#038;p=1411"},"modified":"2025-10-18T06:49:26","modified_gmt":"2025-10-18T04:49:26","slug":"index-buddy","status":"publish","type":"product","link":"https:\/\/gsoftwarelab.com\/cs\/produkt\/index-buddy\/","title":{"rendered":"Index Buddy V1"},"content":{"rendered":"<h2 class=\"elementor-image-box-title\">Index Buddy V1 \u2013 Hromadn\u00fd index\u00e1tor SEO odkaz\u016f<\/h2>\n<p><strong>Upgrade na <a href=\"https:\/\/gsoftwarelab.com\/cs\/produkt\/index-buddy-v2\/\"><span style=\"color: #ff9900;\">Index Buddy v2<\/span><\/a>: Vylep\u0161en\u00e9 funkce &amp; Vylep\u0161en\u00e1 u\u017eivatelsk\u00e1 zku\u0161enost<\/strong><\/p>\n<p>Index Buddy je v\u00fdkonn\u00fd a snadno pou\u017eiteln\u00fd indexovac\u00ed software. Umo\u017e\u0148uje indexovat jednotliv\u00e9 adresy URL, webov\u00e9 str\u00e1nky nebo hromadn\u00e9 seznamy adres URL do hlavn\u00edch vyhled\u00e1va\u010d\u016f, jako je Google, Bing nebo Baidu. Indexov\u00e1n\u00ed funguje tak, \u017ee ode\u0161lete sv\u00e9 webov\u00e9 str\u00e1nky nebo adresy URL na tis\u00edce webov\u00fdch str\u00e1nek whois a statistik, kter\u00e9 maj\u00ed za n\u00e1sledek mnoho zp\u011btn\u00fdch odkaz\u016f. Obdr\u017e\u00edte jednu do\u017eivotn\u00ed licenci na Index Buddy. M\u016f\u017ee b\u00fdt pou\u017eit pouze na jednom po\u010d\u00edta\u010di najednou. V\u0161echny budouc\u00ed aktualizace, p\u0159idan\u00e9 funkce a opravy chyb jsou zahrnuty bez dodate\u010dn\u00fdch n\u00e1klad\u016f.<\/p>\n<p><img decoding=\"async\" class=\"aligncenter wp-image-3558 size-full\" src=\"https:\/\/gsoftwarelab.com\/wp-content\/uploads\/2021\/11\/indexing_process.gif\" alt=\"Proces indexov\u00e1n\u00ed zp\u011btn\u00e9ho odkazu SEO\" width=\"802\" height=\"478\" title=\"\"><\/p>\n<p>&nbsp;<\/p>\n<p><strong>Minim\u00e1ln\u00ed syst\u00e9mov\u00e9 po\u017eadavky:<\/strong><\/p>\n<ul>\n<li>Opera\u010dn\u00ed syst\u00e9m: Windows 10 (verze 22H2 nebo nov\u011bj\u0161\u00ed), Windows 11 (v\u0161echny verze), Windows Server 2019 a nov\u011bj\u0161\u00ed<\/li>\n<li>8 GB pam\u011bti RAM<\/li>\n<li>10 GB \u00falo\u017ei\u0161t\u011b<\/li>\n<li>4 j\u00e1dra<\/li>\n<li>Stabiln\u00ed p\u0159ipojen\u00ed k internetu<\/li>\n<\/ul>\n<p><strong>V\u00e1\u0161 n\u00e1kup zahrnuje:<\/strong><\/p>\n<ul>\n<li>Do\u017eivotn\u00ed licence pro jedno PC<\/li>\n<li>P\u0159\u00edsp\u011bvek na v\u00fdsadbu jednoho stromu<\/li>\n<\/ul>\n<p><strong><a href=\"https:\/\/gsoftwarelab.com\/cs\/index-buddy-backlink-indexer\/\">Dozv\u011bd\u011bt se v\u00edce o Index Buddy<\/a><\/strong><br \/>\n<strong><a href=\"https:\/\/docs.gsoftwarelab.com\/\">P\u0159e\u010dt\u011bte si dokumentaci<\/a><\/strong><\/p>\n<p><strong><a href=\"https:\/\/gsoftwarelab.com\/cs\/organic-traffic-view-bot\/\">Dozv\u011bd\u011bt se v\u00edce o Traffic Buddy<\/a><br \/>\n<a href=\"https:\/\/gsoftwarelab.com\/cs\/proxy-buddy-scraper-tester\/\">Dozv\u011bd\u011bt se v\u00edce o Proxy Buddy<\/a><br \/>\n<\/strong><\/p>","protected":false},"excerpt":{"rendered":"<p>Index Buddy V1, perfektn\u00ed n\u00e1stroj pro indexov\u00e1n\u00ed obrovsk\u00fdch seznam\u016f zp\u011btn\u00fdch odkaz\u016f do vyhled\u00e1va\u010d\u016f.<\/p>","protected":false},"featured_media":1771,"comment_status":"open","ping_status":"closed","template":"","meta":{"rop_custom_images_group":[],"rop_custom_messages_group":[],"rop_publish_now":"initial","rop_publish_now_accounts":{"twitter_2998589429_2998589429":""},"rop_publish_now_history":[],"rop_publish_now_status":"pending"},"product_brand":[],"product_cat":[89,87],"product_tag":[190,191,192,193],"class_list":{"0":"post-1411","1":"product","2":"type-product","3":"status-publish","4":"has-post-thumbnail","6":"product_cat-index-buddy","7":"product_cat-software","8":"product_tag-backlink-indexer","9":"product_tag-indexing-software","10":"product_tag-indexing-tool","11":"product_tag-url-indexer","13":"first","14":"instock","15":"downloadable","16":"virtual","17":"purchasable","18":"product-type-simple"},"wcol_rules":[],"_links":{"self":[{"href":"https:\/\/gsoftwarelab.com\/cs\/wp-json\/wp\/v2\/product\/1411","targetHints":{"allow":["GET"]}}],"collection":[{"href":"https:\/\/gsoftwarelab.com\/cs\/wp-json\/wp\/v2\/product"}],"about":[{"href":"https:\/\/gsoftwarelab.com\/cs\/wp-json\/wp\/v2\/types\/product"}],"replies":[{"embeddable":true,"href":"https:\/\/gsoftwarelab.com\/cs\/wp-json\/wp\/v2\/comments?post=1411"}],"wp:featuredmedia":[{"embeddable":true,"href":"https:\/\/gsoftwarelab.com\/cs\/wp-json\/wp\/v2\/media\/1771"}],"wp:attachment":[{"href":"https:\/\/gsoftwarelab.com\/cs\/wp-json\/wp\/v2\/media?parent=1411"}],"wp:term":[{"taxonomy":"product_brand","embeddable":true,"href":"https:\/\/gsoftwarelab.com\/cs\/wp-json\/wp\/v2\/product_brand?post=1411"},{"taxonomy":"product_cat","embeddable":true,"href":"https:\/\/gsoftwarelab.com\/cs\/wp-json\/wp\/v2\/product_cat?post=1411"},{"taxonomy":"product_tag","embeddable":true,"href":"https:\/\/gsoftwarelab.com\/cs\/wp-json\/wp\/v2\/product_tag?post=1411"}],"curies":[{"name":"wp","href":"https:\/\/api.w.org\/{rel}","templated":true}]}}