{"id":1409,"date":"2020-05-14T09:55:52","date_gmt":"2020-05-14T07:55:52","guid":{"rendered":"https:\/\/gsoftwarelab.com\/?post_type=product&#038;p=1409"},"modified":"2026-01-14T05:49:24","modified_gmt":"2026-01-14T03:49:24","slug":"proxy-buddy-v3","status":"publish","type":"product","link":"https:\/\/gsoftwarelab.com\/cs\/produkt\/proxy-buddy-v3\/","title":{"rendered":"Proxy Buddy"},"content":{"rendered":"<h2>Odemknout neomezen\u00e9 proxy s Proxy Buddy<\/h2>\n<div class=\"flex flex-grow flex-col gap-3\">\n<div class=\"min-h-[20px] flex flex-col items-start gap-4 whitespace-pre-wrap\">\n<div class=\"markdown prose w-full break-words dark:prose-invert light\">\n<p>Zaveden\u00ed Proxy Buddy \u2013 kone\u010dn\u00e9 \u0159e\u0161en\u00ed pro rychl\u00e9 a snadn\u00e9 \u0161kr\u00e1b\u00e1n\u00ed, testov\u00e1n\u00ed, filtrov\u00e1n\u00ed a export seznam\u016f tis\u00edc\u016f nov\u00fdch ve\u0159ejn\u00fdch proxy server\u016f. D\u00edky funkci autopilota jedn\u00edm kliknut\u00edm m\u016f\u017eete snadno skl\u00edzet a testovat proxy servery jedin\u00fdm kliknut\u00edm. Ide\u00e1ln\u00ed pro SEO softwarov\u00e9 aplikace a roboty, Proxy Buddy dokonce obsahuje speci\u00e1ln\u00ed vyhled\u00e1vac\u00ed test Google, kter\u00fd zajist\u00ed, \u017ee va\u0161e proxy servery mohou z\u00edskat v\u00fdsledky vyhled\u00e1va\u010de od spole\u010dnosti Google.<\/p>\n<p>Aktualizujte sv\u016fj proxy hra s na\u0161\u00edm v\u00fdkonn\u00fdm a efektivn\u00edm n\u00e1kupem proxy \u0161krabka n\u00e1stroj. Zakoupen\u00edm na\u0161\u00ed proxy scraper, z\u00edsk\u00e1te p\u0159\u00edstup k m\u011bs\u00ed\u010dn\u00edmu p\u0159edplatn\u00e9mu Proxy Buddy. Tato licence umo\u017e\u0148uje pou\u017e\u00edvat n\u00e1stroj na jednom po\u010d\u00edta\u010di najednou, bez jak\u00fdchkoli dodate\u010dn\u00fdch n\u00e1klad\u016f na aktualizace, p\u0159idan\u00e9 funkce nebo opravy chyb. Nenechte si uj\u00edt p\u0159\u00edle\u017eitost vylep\u0161it sv\u00e9 proxy Schopnosti s Proxy Buddy \u2013 nakupujte nyn\u00ed!<\/p>\n<\/div>\n<\/div>\n<\/div>\n<div style=\"padding: 56.25% 0 0 0; position: relative;\"><iframe style=\"position: absolute; top: 0; left: 0; width: 100%; height: 100%;\" src=\"https:\/\/player.vimeo.com\/video\/672830210?h=59eb4a1d9e&amp;autoplay=1&amp;loop=1&amp;byline=0\" frameborder=\"0\" allowfullscreen=\"allowfullscreen\"><\/iframe><\/div>\n<p>&nbsp;<\/p>\n<h3 id=\"item-description__key-features\">Kl\u00ed\u010dov\u00e9 vlastnosti:<\/h3>\n<ul>\n<li>Pln\u011b automatizovan\u00fd proxy \u0161krab\u00e1k<\/li>\n<li>Vestav\u011bn\u00fd zdroj proxy<\/li>\n<li>Scrape miliony proxy server\u016f<\/li>\n<li>V\u00edcevl\u00e1knov\u00e9 a Socket-Based<\/li>\n<li>Podporuje HTTP, HTTPS, pono\u017eky4 a pono\u017eky5<\/li>\n<li>Funkce odes\u00edl\u00e1n\u00ed a odes\u00edl\u00e1n\u00ed e-mail\u016f<\/li>\n<li>Roz\u0161\u00ed\u0159en\u00e1 podpora filtrov\u00e1n\u00ed (Protokol, Google Pass, Anonymita, Zem\u011b a dal\u0161\u00ed)<\/li>\n<li>Aktualizace a podpora<\/li>\n<li>Origin\u00e1ln\u00ed a jedine\u010dn\u00fd licen\u010dn\u00ed kl\u00ed\u010d<\/li>\n<\/ul>\n<p><strong>Minim\u00e1ln\u00ed syst\u00e9mov\u00e9 po\u017eadavky:<\/strong><\/p>\n<ul>\n<li>Opera\u010dn\u00ed syst\u00e9m: Windows 10 (verze 22H2 nebo nov\u011bj\u0161\u00ed), Windows 11 (v\u0161echny verze), Windows Server 2019 a nov\u011bj\u0161\u00ed<\/li>\n<li>8 GB pam\u011bti RAM<\/li>\n<li>10 GB \u00falo\u017ei\u0161t\u011b<\/li>\n<li>4 j\u00e1dra<\/li>\n<li>Stabiln\u00ed p\u0159ipojen\u00ed k internetu<\/li>\n<\/ul>\n<p><strong>V\u00e1\u0161 n\u00e1kup zahrnuje:<\/strong><\/p>\n<ul>\n<li>M\u011bs\u00ed\u010dn\u00ed p\u0159edplatn\u00e9 softwaru<\/li>\n<li>Komplexn\u00ed podpora<\/li>\n<li>P\u0159\u00edsp\u011bvek na v\u00fdsadbu jednoho stromu<\/li>\n<\/ul>\n<p><strong>Podm\u00ednky p\u0159edplatn\u00e9ho:<\/strong><\/p>\n<ul>\n<li>Automatick\u00e9 prodlu\u017eov\u00e1n\u00ed ka\u017ed\u00fd m\u011bs\u00edc a\u017e do zru\u0161en\u00ed<\/li>\n<li>Podpora a aktualizace b\u011bhem obdob\u00ed p\u0159edplatn\u00e9ho<\/li>\n<\/ul>\n<p><a href=\"https:\/\/gsoftwarelab.com\/cs\/proxy-buddy-scraper-tester\/\"><strong>Dozv\u011bd\u011bt se v\u00edce o Proxy Buddy<\/strong><\/a><strong><a href=\"https:\/\/gsoftwarelab.com\/cs\/proxy-buddy-scraper-tester\/\"> (p\u0159esm\u011brov\u00e1no z Proxy Scraper)<\/a><\/strong><br \/>\n<strong><a href=\"https:\/\/docs.gsoftwarelab.com\/\">P\u0159e\u010dt\u011bte si dokumentaci<\/a><\/strong><\/p>\n<p><strong><a href=\"https:\/\/gsoftwarelab.com\/cs\/organic-traffic-view-bot\/\">Dozv\u011bd\u011bt se v\u00edce o Traffic Buddy<\/a><a href=\"https:\/\/gsoftwarelab.com\/cs\/organic-traffic-view-bot\/\"> (dopravn\u00ed bot)<\/a><br \/>\n<a href=\"https:\/\/gsoftwarelab.com\/cs\/index-buddy-backlink-indexer\/\">Dozv\u011bd\u011bt se v\u00edce o Index Buddy<\/a><a href=\"https:\/\/gsoftwarelab.com\/cs\/index-buddy-backlink-indexer\/\"> (Syst\u00e9m pro indexov\u00e1n\u00ed odkaz\u016f)<\/a><br \/>\n<\/strong><\/p>","protected":false},"excerpt":{"rendered":"<p>Bez n\u00e1mahy naj\u00edt a otestovat tis\u00edce \u010derstv\u00fdch ve\u0159ejn\u00fdch proxy server\u016f s Proxy Buddy. N\u00e1\u0161 rychl\u00fd a u\u017eivatelsky p\u0159\u00edv\u011btiv\u00fd n\u00e1stroj umo\u017e\u0148uje snadno \u0161kr\u00e1bat, testovat, filtrovat a exportovat seznamy proxy. Funkce autopilota jedn\u00edm kliknut\u00edm usnad\u0148uje hromadnou sklize\u0148 a testov\u00e1n\u00ed proxy server\u016f. Zjednodu\u0161te vyhled\u00e1v\u00e1n\u00ed proxy a zajist\u011bte \u0161pi\u010dkov\u00fd v\u00fdkon Proxy Buddy.<\/p>","protected":false},"featured_media":7548,"comment_status":"open","ping_status":"closed","template":"","meta":{"rop_custom_images_group":[],"rop_custom_messages_group":[],"rop_publish_now":"initial","rop_publish_now_accounts":{"twitter_2998589429_2998589429":""},"rop_publish_now_history":[],"rop_publish_now_status":"pending"},"product_brand":[2068,2069],"product_cat":[88,87],"product_tag":[153,156,103,2386,102,98,2385,99,157,155,188,189],"class_list":{"0":"post-1409","1":"product","2":"type-product","3":"status-publish","4":"has-post-thumbnail","6":"product_brand-gsoftwarelab","7":"product_brand-proxy-buddy","8":"product_cat-proxy-buddy","9":"product_cat-software","10":"product_tag-google-proxies","11":"product_tag-gsa-ser-proxies","12":"product_tag-proxy-buddy","13":"product_tag-proxy-buddy-subscription","14":"product_tag-proxy-list","15":"product_tag-proxy-scraper","16":"product_tag-proxy-scraper-subscription","17":"product_tag-proxy-tester","18":"product_tag-scrapebox-proxies","19":"product_tag-seo-proxies","20":"product_tag-sock5-proxy","21":"product_tag-socks4-proxy","23":"first","24":"instock","25":"featured","26":"downloadable","27":"virtual","28":"purchasable","29":"product-type-simple"},"wcol_rules":[],"_links":{"self":[{"href":"https:\/\/gsoftwarelab.com\/cs\/wp-json\/wp\/v2\/product\/1409","targetHints":{"allow":["GET"]}}],"collection":[{"href":"https:\/\/gsoftwarelab.com\/cs\/wp-json\/wp\/v2\/product"}],"about":[{"href":"https:\/\/gsoftwarelab.com\/cs\/wp-json\/wp\/v2\/types\/product"}],"replies":[{"embeddable":true,"href":"https:\/\/gsoftwarelab.com\/cs\/wp-json\/wp\/v2\/comments?post=1409"}],"wp:featuredmedia":[{"embeddable":true,"href":"https:\/\/gsoftwarelab.com\/cs\/wp-json\/wp\/v2\/media\/7548"}],"wp:attachment":[{"href":"https:\/\/gsoftwarelab.com\/cs\/wp-json\/wp\/v2\/media?parent=1409"}],"wp:term":[{"taxonomy":"product_brand","embeddable":true,"href":"https:\/\/gsoftwarelab.com\/cs\/wp-json\/wp\/v2\/product_brand?post=1409"},{"taxonomy":"product_cat","embeddable":true,"href":"https:\/\/gsoftwarelab.com\/cs\/wp-json\/wp\/v2\/product_cat?post=1409"},{"taxonomy":"product_tag","embeddable":true,"href":"https:\/\/gsoftwarelab.com\/cs\/wp-json\/wp\/v2\/product_tag?post=1409"}],"curies":[{"name":"wp","href":"https:\/\/api.w.org\/{rel}","templated":true}]}}