{"id":8536,"date":"2025-11-18T09:01:09","date_gmt":"2025-11-18T07:01:09","guid":{"rendered":"https:\/\/gsoftwarelab.com\/?page_id=8536"},"modified":"2025-12-10T02:36:15","modified_gmt":"2025-12-10T00:36:15","slug":"free-seo-tools","status":"publish","type":"page","link":"https:\/\/gsoftwarelab.com\/cs\/free-seo-tools\/","title":{"rendered":"Zdarma Online SEO n\u00e1stroje pro anal\u00fdzu webov\u00fdch str\u00e1nek &amp; R\u016fst"},"content":{"rendered":"<div class=\"wp-block-stackable-heading stk-block-heading stk-block-heading--v2 stk-block stk-7afc9ef\" id=\"free-online-seo-tools-for-website-analysis-amp-growth\" data-block-id=\"7afc9ef\"><style>.stk-7afc9ef .stk-block-heading__top-line{margin-left:auto !important;margin-right:auto !important;}.stk-7afc9ef .stk-block-heading__bottom-line{margin-left:auto !important;margin-right:auto !important;}<\/style><div class=\"stk-block-heading__top-line\"><\/div><h1 class=\"stk-block-heading__text has-text-align-center\">Zdarma Online SEO n\u00e1stroje pro anal\u00fdzu webov\u00fdch str\u00e1nek &amp; R\u016fst<\/h1><\/div>\n\n\n\n<div class=\"wp-block-stackable-text stk-block-text stk-block stk-9b7ede8\" data-block-id=\"9b7ede8\"><p class=\"stk-block-text__text\">V\u00edtejte ve sv\u00e9m nov\u00e9m centru pro v\u00fdkonn\u00e9, bezplatn\u00e9 online SEO n\u00e1stroje. Vytv\u00e1\u0159\u00edme kompletn\u00ed soubor n\u00e1stroj\u016f, kter\u00fd v\u00e1m pom\u016f\u017ee analyzovat va\u0161e webov\u00e9 str\u00e1nky, sledovat v\u00fdkonnost a objevovat nov\u00e9 p\u0159\u00edle\u017eitosti k r\u016fstu. A\u0165 u\u017e jste profesion\u00e1l v oblasti SEO, vlastn\u00edk mal\u00e9ho podniku nebo obchodn\u00edk s digit\u00e1ln\u00edmi produkty, tyto n\u00e1stroje jsou navr\u017eeny tak, aby v\u00e1m poskytovaly rychl\u00e1 a provediteln\u00e1 data bez p\u0159ipojen\u00fdch \u0159et\u011bzc\u016f.<\/p><\/div>\n\n\n\n<div class=\"wp-block-stackable-columns alignfull stk-block-columns stk-block stk-d89ea53\" data-block-id=\"d89ea53\"><style>.stk-d89ea53 {margin-top:var(--stk--preset--spacing--70, 3.38rem) !important;margin-bottom:var(--stk--preset--spacing--70, 3.38rem) !important;}<\/style><div class=\"stk-row stk-inner-blocks stk-block-content stk-content-align stk-d89ea53-column alignwide\">\n<div class=\"wp-block-stackable-column stk-block-column stk-column stk-block stk-d10bbd9\" data-v=\"4\" data-block-id=\"d10bbd9\"><div class=\"stk-column-wrapper stk-block-column__content stk-container stk-d10bbd9-container stk--no-background stk--no-padding\"><div class=\"has-text-align-center stk-block-content stk-inner-blocks stk-d10bbd9-inner-blocks\">\n<div class=\"wp-block-stackable-heading stk-block-heading stk-block-heading--v2 stk-block stk-0de3490\" id=\"heading-placeholder\" data-block-id=\"0de3490\"><style>.stk-0de3490 {margin-bottom:40px !important;}<\/style><h2 class=\"stk-block-heading__text\">Zdarma webov\u00e9 str\u00e1nky PageRank Checker<\/h2><\/div>\n\n\n\n<div class=\"wp-block-stackable-columns stk-block-columns stk-block stk-abee3c0\" data-block-id=\"abee3c0\"><style>.stk-abee3c0 .stk--block-align-abee3c0{align-items:center !important;}.stk-abee3c0 {margin-bottom:64px !important;}<\/style><div class=\"stk-row stk-inner-blocks has-text-align-left stk--block-align-abee3c0 stk-block-content stk-content-align stk-abee3c0-column\">\n<div class=\"wp-block-stackable-column stk-block-column stk-column stk-block stk-5b7c62c\" data-v=\"4\" data-block-id=\"5b7c62c\"><div class=\"stk-column-wrapper stk-block-column__content stk-container stk-5b7c62c-container stk--no-background stk--no-padding\"><div class=\"stk-block-content stk-inner-blocks stk-5b7c62c-inner-blocks\">\n<div class=\"wp-block-stackable-heading stk-block-heading stk-block-heading--v2 stk-block stk-f8f6d88\" id=\"long-subheading-placeholder\" data-block-id=\"f8f6d88\"><h3 class=\"stk-block-heading__text\">Okam\u017eit\u011b se pod\u00edvejte na SEO autoritu va\u0161eho webu<\/h3><\/div>\n\n\n\n<div class=\"wp-block-stackable-text stk-block-text stk-block stk-5ca094b\" data-block-id=\"5ca094b\"><style>.stk-5ca094b {margin-bottom:40px !important;}<\/style><p class=\"stk-block-text__text\">Odhalte kl\u00ed\u010dov\u00e9 informace o v\u00fdkonnosti sv\u00fdch webov\u00fdch str\u00e1nek. Na\u0161e bezplatn\u00e1 kontrola PageRank okam\u017eit\u011b odhal\u00ed autoritu a sign\u00e1ly hodnocen\u00ed va\u0161\u00ed dom\u00e9ny. Pochopte, kde stoj\u00edte ve vyhled\u00e1va\u010d\u00edch, analyzujte sv\u00e9 konkurenty a d\u011blejte chyt\u0159ej\u0161\u00ed SEO rozhodnut\u00ed. Zadejte libovolnou dom\u00e9nu a z\u00edskejte okam\u017eitou anal\u00fdzu PageRank a SQI.<\/p><\/div>\n<\/div><\/div><\/div>\n\n\n\n<div class=\"wp-block-stackable-column stk-block-column stk-column stk-block stk-09865b4\" data-v=\"4\" data-block-id=\"09865b4\"><style>.stk-09865b4 {overflow:hidden !important;}<\/style><div class=\"stk-column-wrapper stk-block-column__content stk-container stk-09865b4-container stk--no-background stk--no-padding\"><div class=\"stk-block-content stk-inner-blocks stk-09865b4-inner-blocks\">\n<iframe   src=\"https:\/\/pagerankapi-webapp.pages.dev\"   title=\"Zdarma PageRank Checker\"   width=\"100%\"   height=\"500\"   style=\"border:none;\"   frameborder=\"0\"   loading=\"lazy\"> <\/iframe>\n<\/div><\/div><\/div>\n<\/div><\/div>\n\n\n\n<div class=\"wp-block-stackable-heading stk-block-heading stk-block-heading--v2 stk-block stk-a37077d\" id=\"heading-placeholder\" data-block-id=\"a37077d\"><style>.stk-a37077d {margin-bottom:40px !important;}<\/style><h2 class=\"stk-block-heading__text\"><a href=\"https:\/\/topback.link\" target=\"_blank\" rel=\"noopener\">Zdarma Zp\u011btn\u00fd odkaz Checker &amp; SEO anal\u00fdza<\/a><\/h2><\/div>\n\n\n\n<div class=\"wp-block-stackable-columns stk-block-columns stk-block stk-6da37b2\" data-block-id=\"6da37b2\"><style>.stk-6da37b2 .stk--block-align-6da37b2{align-items:center !important;}<\/style><div class=\"stk-row stk-inner-blocks has-text-align-left stk--block-align-6da37b2 stk-block-content stk-content-align stk-6da37b2-column\">\n<div class=\"wp-block-stackable-column stk-block-column stk-column stk-block stk-684d209\" data-v=\"4\" data-block-id=\"684d209\"><div class=\"stk-column-wrapper stk-block-column__content stk-container stk-684d209-container stk--no-background stk--no-padding\"><div class=\"stk-block-content stk-inner-blocks stk-684d209-inner-blocks\">\n<div class=\"wp-block-stackable-image stk-block-image stk-block stk-398883e\" data-block-id=\"398883e\"><style>.stk-398883e .stk-img-wrapper{height:500px !important;}.stk-398883e .stk-img-wrapper img{object-fit:contain !important;}<\/style><figure><span class=\"stk-img-wrapper stk-image--shape-stretch\"><img decoding=\"async\" class=\"stk-img wp-image-8620\" src=\"https:\/\/gsoftwarelab.com\/wp-content\/uploads\/2025\/12\/screenshot-topbacklink-1024x1024.png\" width=\"1024\" height=\"1024\" alt=\"Rozhran\u00ed pro kontrolu zp\u011btn\u00e9ho odkazu TopBack.Link\" title=\"\" srcset=\"https:\/\/gsoftwarelab.com\/wp-content\/uploads\/2025\/12\/screenshot-topbacklink-1024x1024.png 1024w, https:\/\/gsoftwarelab.com\/wp-content\/uploads\/2025\/12\/screenshot-topbacklink-300x300.png 300w, https:\/\/gsoftwarelab.com\/wp-content\/uploads\/2025\/12\/screenshot-topbacklink-150x150.png 150w, https:\/\/gsoftwarelab.com\/wp-content\/uploads\/2025\/12\/screenshot-topbacklink-768x768.png 768w, https:\/\/gsoftwarelab.com\/wp-content\/uploads\/2025\/12\/screenshot-topbacklink-12x12.png 12w, https:\/\/gsoftwarelab.com\/wp-content\/uploads\/2025\/12\/screenshot-topbacklink-600x600.png 600w, https:\/\/gsoftwarelab.com\/wp-content\/uploads\/2025\/12\/screenshot-topbacklink-100x100.png 100w, https:\/\/gsoftwarelab.com\/wp-content\/uploads\/2025\/12\/screenshot-topbacklink.png 1280w\" sizes=\"(max-width: 1024px) 100vw, 1024px\" \/><\/span><\/figure><\/div>\n<\/div><\/div><\/div>\n\n\n\n<div class=\"wp-block-stackable-column stk-block-column stk-column stk-block stk-68b2fbc\" data-v=\"4\" data-block-id=\"68b2fbc\"><style>.stk-68b2fbc {overflow:hidden !important;}<\/style><div class=\"stk-column-wrapper stk-block-column__content stk-container stk-68b2fbc-container stk--no-background stk--no-padding\"><div class=\"stk-block-content stk-inner-blocks stk-68b2fbc-inner-blocks\">\n<div class=\"wp-block-stackable-heading stk-block-heading stk-block-heading--v2 stk-block stk-dc91a3f\" id=\"long-subheading-placeholder\" data-block-id=\"dc91a3f\"><h3 class=\"stk-block-heading__text\">Ov\u011b\u0159it zp\u011btn\u00e9 odkazy, analyzovat kvalitu &amp; amp; Track v\u00fdkon<\/h3><\/div>\n\n\n\n<div class=\"wp-block-stackable-text stk-block-text stk-block stk-b7ea234\" data-block-id=\"b7ea234\"><style>.stk-b7ea234 {margin-bottom:40px !important;}<\/style><p class=\"stk-block-text__text\">P\u0159evz\u00edt kontrolu nad va\u0161\u00ed off-page SEO s okam\u017eit\u00fdm ov\u011b\u0159en\u00edm. Vlo\u017ete seznam adres URL a proch\u00e1zejte odkazy v re\u00e1ln\u00e9m \u010dase, ov\u011b\u0159ujte jejich p\u0159\u00edtomnost, kotevn\u00ed text a <code>dofollow<\/code>\/<code>nofollow<\/code> status.<\/p><\/div>\n\n\n\n<p>P\u0159ekra\u010dujte r\u00e1mec jednoduch\u00e9 kontroly s na\u0161\u00edm propriet\u00e1rn\u00edm <strong>Sk\u00f3re kvality<\/strong>. Analyzujeme autoritu zdrojov\u00e9 str\u00e1nky, po\u010det slov a hustotu odkaz\u016f, abychom v\u00e1m pomohli identifikovat toxick\u00e9 odkazy a p\u0159\u00edle\u017eitosti. Nen\u00ed vy\u017eadov\u00e1na \u017e\u00e1dn\u00e1 kreditn\u00ed karta! Za\u010d\u00edt nyn\u00ed na <a href=\"https:\/\/topback.link\" target=\"_blank\" rel=\"noopener\">TopBack.Odkaz<\/a>.<\/p>\n<\/div><\/div><\/div>\n<\/div><\/div>\n<\/div><\/div><\/div>\n<\/div><\/div>\n\n\n\n<div class=\"wp-block-stackable-columns alignfull stk-block-columns stk-block stk-32917c9\" data-block-id=\"32917c9\"><style>.stk-32917c9 {margin-top:var(--stk--preset--spacing--70, 3.38rem) !important;margin-bottom:var(--stk--preset--spacing--70, 3.38rem) !important;}<\/style><div class=\"stk-row stk-inner-blocks stk-block-content stk-content-align stk-32917c9-column alignwide\">\n<div class=\"wp-block-stackable-column stk-block-column stk-column stk-block stk-d40e88a\" data-v=\"4\" data-block-id=\"d40e88a\"><div class=\"stk-column-wrapper stk-block-column__content stk-container stk-d40e88a-container stk--no-background stk--no-padding\"><div class=\"has-text-align-center stk-block-content stk-inner-blocks stk-d40e88a-inner-blocks\">\n<div class=\"wp-block-stackable-heading stk-block-heading stk-block-heading--v2 stk-block stk-c63df49\" id=\"heading-placeholder\" data-block-id=\"c63df49\"><style>.stk-c63df49 {margin-bottom:40px !important;}<\/style><h2 class=\"stk-block-heading__text\">V\u00edce bezplatn\u00fdch n\u00e1stroj\u016f ji\u017e brzy<\/h2><\/div>\n\n\n\n<div class=\"wp-block-stackable-columns stk-block-columns stk-block stk-78dfe0e\" data-block-id=\"78dfe0e\"><style>.stk-78dfe0e .stk--block-align-78dfe0e{align-items:center !important;}<\/style><div class=\"stk-row stk-inner-blocks has-text-align-left stk--block-align-78dfe0e stk-block-content stk-content-align stk-78dfe0e-column\">\n<div class=\"wp-block-stackable-column stk-block-column stk-column stk-block stk-7b43cae\" data-v=\"4\" data-block-id=\"7b43cae\"><div class=\"stk-column-wrapper stk-block-column__content stk-container stk-7b43cae-container stk--no-background stk--no-padding\"><div class=\"stk-block-content stk-inner-blocks stk-7b43cae-inner-blocks\">\n<div class=\"wp-block-stackable-heading stk-block-heading stk-block-heading--v2 stk-block stk-49e109a\" id=\"long-subheading-placeholder\" data-block-id=\"49e109a\"><h3 class=\"stk-block-heading__text\">Jen za\u010d\u00e1tek...<\/h3><\/div>\n\n\n\n<div class=\"wp-block-stackable-text stk-block-text stk-block stk-b734eb0\" data-block-id=\"b734eb0\"><style>.stk-b734eb0 {margin-bottom:40px !important;}<\/style><p class=\"stk-block-text__text\">Tato kontrola PageRank je jen za\u010d\u00e1tek. Aktivn\u011b vyv\u00edj\u00edme v\u00edce bezplatn\u00fdch n\u00e1stroj\u016f, kter\u00e9 v\u00e1m pomohou zvl\u00e1dnout va\u0161e SEO, v\u010detn\u011b analyz\u00e1toru zp\u011btn\u00e9ho odkazu, n\u00e1stroje pro v\u00fdzkum kl\u00ed\u010dov\u00fdch slov a auditora SEO na str\u00e1nce. Zalo\u017e si tuto str\u00e1nku do z\u00e1lo\u017eek a brzy se vra\u0165!<\/p><\/div>\n<\/div><\/div><\/div>\n\n\n\n<div class=\"wp-block-stackable-column stk-block-column stk-column stk-block stk-a6e9c05\" data-v=\"4\" data-block-id=\"a6e9c05\"><div class=\"stk-column-wrapper stk-block-column__content stk-container stk-a6e9c05-container stk--no-background stk--no-padding\"><div class=\"stk-block-content stk-inner-blocks stk-a6e9c05-inner-blocks\"><\/div><\/div><\/div>\n<\/div><\/div>\n<\/div><\/div><\/div>\n<\/div><\/div>","protected":false},"excerpt":{"rendered":"<p>Zdarma Online SEO n\u00e1stroje pro anal\u00fdzu webov\u00fdch str\u00e1nek &amp; R\u016fst V\u00edtejte ve sv\u00e9m nov\u00e9m rozbo\u010dova\u010di pro v\u00fdkonn\u00e9, bezplatn\u00e9 online SEO n\u00e1stroje. Vytv\u00e1\u0159\u00edme kompletn\u00ed soubor n\u00e1stroj\u016f, kter\u00fd v\u00e1m pom\u016f\u017ee analyzovat va\u0161e webov\u00e9 str\u00e1nky, sledovat v\u00fdkonnost a objevovat nov\u00e9 p\u0159\u00edle\u017eitosti k r\u016fstu. A\u0165 u\u017e jste SEO profesion\u00e1l, majitel mal\u00e9ho podniku nebo digit\u00e1ln\u00ed market\u00e9r, tyto n\u00e1stroje [...]<\/p>","protected":false},"author":1,"featured_media":8537,"parent":0,"menu_order":0,"comment_status":"closed","ping_status":"closed","template":"","meta":{"rop_custom_images_group":[],"rop_custom_messages_group":[],"rop_publish_now":"initial","rop_publish_now_accounts":{"twitter_2998589429_2998589429":""},"rop_publish_now_history":[],"rop_publish_now_status":"pending","footnotes":""},"class_list":["post-8536","page","type-page","status-publish","has-post-thumbnail","hentry"],"blocksy_meta":[],"_links":{"self":[{"href":"https:\/\/gsoftwarelab.com\/cs\/wp-json\/wp\/v2\/pages\/8536","targetHints":{"allow":["GET"]}}],"collection":[{"href":"https:\/\/gsoftwarelab.com\/cs\/wp-json\/wp\/v2\/pages"}],"about":[{"href":"https:\/\/gsoftwarelab.com\/cs\/wp-json\/wp\/v2\/types\/page"}],"author":[{"embeddable":true,"href":"https:\/\/gsoftwarelab.com\/cs\/wp-json\/wp\/v2\/users\/1"}],"replies":[{"embeddable":true,"href":"https:\/\/gsoftwarelab.com\/cs\/wp-json\/wp\/v2\/comments?post=8536"}],"version-history":[{"count":4,"href":"https:\/\/gsoftwarelab.com\/cs\/wp-json\/wp\/v2\/pages\/8536\/revisions"}],"predecessor-version":[{"id":8623,"href":"https:\/\/gsoftwarelab.com\/cs\/wp-json\/wp\/v2\/pages\/8536\/revisions\/8623"}],"wp:featuredmedia":[{"embeddable":true,"href":"https:\/\/gsoftwarelab.com\/cs\/wp-json\/wp\/v2\/media\/8537"}],"wp:attachment":[{"href":"https:\/\/gsoftwarelab.com\/cs\/wp-json\/wp\/v2\/media?parent=8536"}],"curies":[{"name":"wp","href":"https:\/\/api.w.org\/{rel}","templated":true}]}}