{"id":71,"date":"2014-09-19T17:25:00","date_gmt":"2014-09-19T15:25:00","guid":{"rendered":"http:\/\/gsoftwarelab.com\/?page_id=71"},"modified":"2025-10-05T02:47:27","modified_gmt":"2025-10-05T00:47:27","slug":"privacy","status":"publish","type":"page","link":"https:\/\/gsoftwarelab.com\/cs\/privacy\/","title":{"rendered":"Z\u00e1sady ochrany osobn\u00edch \u00fadaj\u016f"},"content":{"rendered":"<h1 class=\"wp-block-heading\">Prohl\u00e1\u0161en\u00ed o ochran\u011b osobn\u00edch \u00fadaj\u016f<\/h1>\n\n\n\n<h2 class=\"wp-block-heading\">Obecn\u00e1 ustanoven\u00ed<\/h2>\n\n\n\n<p>Va\u0161e osobn\u00ed \u00fadaje (nap\u0159. titul, jm\u00e9no, adresa bydli\u0161t\u011b, e-mailov\u00e1 adresa, telefonn\u00ed \u010d\u00edslo, bankovn\u00ed spojen\u00ed, \u010d\u00edslo kreditn\u00ed karty) zpracov\u00e1v\u00e1me pouze v souladu s ustanoven\u00edmi n\u011bmeck\u00fdch z\u00e1kon\u016f o ochran\u011b osobn\u00edch \u00fadaj\u016f. N\u00e1sleduj\u00edc\u00ed ustanoven\u00ed popisuj\u00ed druh, rozsah a \u00fa\u010del shroma\u017e\u010fov\u00e1n\u00ed, zpracov\u00e1n\u00ed a vyu\u017e\u00edv\u00e1n\u00ed osobn\u00edch \u00fadaj\u016f. Tyto z\u00e1sady ochrany osobn\u00edch \u00fadaj\u016f se vztahuj\u00ed pouze na na\u0161e webov\u00e9 str\u00e1nky. Pokud v\u00e1s odkazy na na\u0161ich str\u00e1nk\u00e1ch p\u0159esm\u011bruj\u00ed na jin\u00e9 str\u00e1nky, zeptejte se, jak se v takov\u00fdch p\u0159\u00edpadech nakl\u00e1d\u00e1 s va\u0161imi \u00fadaji.<\/p>\n\n\n\n<h2 class=\"wp-block-heading\">\u00dadaje o z\u00e1sob\u00e1ch<\/h2>\n\n\n\n<p>(1) Va\u0161e osobn\u00ed \u00fadaje, pokud jsou nezbytn\u00e9 pro tento smluvn\u00ed vztah (invent\u00e1rn\u00ed \u00fadaje) z hlediska jeho zalo\u017een\u00ed, organizace obsahu a \u00faprav, se pou\u017e\u00edvaj\u00ed v\u00fdhradn\u011b pro pln\u011bn\u00ed smlouvy. Aby mohlo b\u00fdt zbo\u017e\u00ed dod\u00e1no, mus\u00ed b\u00fdt nap\u0159\u00edklad va\u0161e jm\u00e9no a adresa p\u0159ed\u00e1ny dodavateli zbo\u017e\u00ed.<br \/>(2) Bez va\u0161eho v\u00fdslovn\u00e9ho souhlasu nebo pr\u00e1vn\u00edho z\u00e1kladu nejsou va\u0161e osobn\u00ed \u00fadaje p\u0159ed\u00e1v\u00e1ny t\u0159et\u00edm stran\u00e1m mimo r\u00e1mec pln\u011bn\u00ed t\u00e9to smlouvy. Po uzav\u0159en\u00ed smlouvy jsou va\u0161e \u00fadaje blokov\u00e1ny proti dal\u0161\u00edmu pou\u017eit\u00ed. Po uplynut\u00ed lh\u016ft podle da\u0148ov\u00fdch a obchodn\u00edch p\u0159edpis\u016f jsou tyto \u00fadaje vymaz\u00e1ny, pokud jste v\u00fdslovn\u011b nesouhlasili s jejich dal\u0161\u00edm pou\u017eit\u00edm.<\/p>\n\n\n\n<h2 class=\"wp-block-heading\">Webov\u00e1 anal\u00fdza pomoc\u00ed Google Analytics<\/h2>\n\n\n\n<p>Tato webov\u00e1 str\u00e1nka pou\u017e\u00edv\u00e1 Google Analytics, webovou analytickou slu\u017ebu spole\u010dnosti Google Inc. (d\u00e1le jen \"Google\"). Slu\u017eba Google Analytics pou\u017e\u00edv\u00e1 soubory cookie, tj. textov\u00e9 soubory ulo\u017een\u00e9 ve va\u0161em po\u010d\u00edta\u010di, kter\u00e9 umo\u017e\u0148uj\u00ed anal\u00fdzu va\u0161eho pou\u017e\u00edv\u00e1n\u00ed webov\u00fdch str\u00e1nek. Informace vygenerovan\u00e9 souborem cookie o va\u0161em pou\u017e\u00edv\u00e1n\u00ed t\u00e9to webov\u00e9 str\u00e1nky se obvykle p\u0159en\u00e1\u0161ej\u00ed na server spole\u010dnosti Google ve Spojen\u00fdch st\u00e1tech a tam se ukl\u00e1daj\u00ed. V p\u0159\u00edpad\u011b aktivovan\u00e9 anonymizace IP na t\u00e9to webov\u00e9 str\u00e1nce je v\u0161ak va\u0161e IP adresa spole\u010dnost\u00ed Google v r\u00e1mci \u010dlensk\u00fdch st\u00e1t\u016f Evropsk\u00e9 unie nebo v jin\u00fdch st\u00e1tech, kter\u00e9 jsou smluvn\u00edmi stranami dohody o Evropsk\u00e9m hospod\u00e1\u0159sk\u00e9m prostoru, p\u0159edem zkr\u00e1cena. Pouze ve v\u00fdjime\u010dn\u00fdch p\u0159\u00edpadech je \u00fapln\u00e1 IP adresa p\u0159enesena na server spole\u010dnosti Google ve Spojen\u00fdch st\u00e1tech a tam zkr\u00e1cena. Jm\u00e9nem vlastn\u00edka t\u011bchto webov\u00fdch str\u00e1nek pou\u017eije spole\u010dnost Google tyto informace k vyhodnocen\u00ed va\u0161eho pou\u017e\u00edv\u00e1n\u00ed webov\u00fdch str\u00e1nek, k sestaven\u00ed zpr\u00e1v o aktivit\u00e1ch na webov\u00fdch str\u00e1nk\u00e1ch a k poskytov\u00e1n\u00ed dal\u0161\u00edch slu\u017eeb souvisej\u00edc\u00edch s pou\u017e\u00edv\u00e1n\u00edm webov\u00fdch str\u00e1nek a internetu provozovateli webov\u00fdch str\u00e1nek. IP adresa odeslan\u00e1 z va\u0161eho prohl\u00ed\u017ee\u010de v r\u00e1mci slu\u017eby Google Analytics nen\u00ed spole\u010dnost\u00ed Google slou\u010dena s jin\u00fdmi \u00fadaji. Ukl\u00e1d\u00e1n\u00ed soubor\u016f cookie m\u016f\u017eete zabr\u00e1nit odpov\u00eddaj\u00edc\u00edm nastaven\u00edm softwaru prohl\u00ed\u017ee\u010de; V takov\u00e9m p\u0159\u00edpad\u011b v\u0161ak upozor\u0148ujeme, \u017ee mo\u017en\u00e1 nebudete moci pln\u011b vyu\u017e\u00edvat v\u0161echny funkce nab\u00edzen\u00e9 touto webovou str\u00e1nkou. Krom\u011b toho m\u016f\u017eete zabr\u00e1nit tomu, aby spole\u010dnost Google shroma\u017e\u010fovala a zpracov\u00e1vala \u00fadaje generovan\u00e9 souborem cookie a t\u00fdkaj\u00edc\u00ed se va\u0161eho pou\u017e\u00edv\u00e1n\u00ed webov\u00fdch str\u00e1nek (v\u010detn\u011b va\u0161\u00ed IP adresy), a to sta\u017een\u00edm a instalac\u00ed pluginu prohl\u00ed\u017ee\u010de z n\u00e1sleduj\u00edc\u00edho odkazu: <a href=\"http:\/\/tools.google.com\/dlpage\/gaoptout?hl=en\" target=\"_blank\" rel=\"noopener noreferrer\">http:\/\/tools.google.com\/dlpage\/gaoptout?hl=en<\/a><\/p>\n\n\n\n<h2 class=\"wp-block-heading\">Informace o souborech cookie<\/h2>\n\n\n\n<p>(1) Pro optimalizaci na\u0161\u00ed webov\u00e9 prezentace pou\u017e\u00edv\u00e1me cookies. Jedn\u00e1 se o mal\u00e9 textov\u00e9 soubory ulo\u017een\u00e9 v hlavn\u00ed pam\u011bti po\u010d\u00edta\u010de. Tyto soubory cookie se po zav\u0159en\u00ed prohl\u00ed\u017ee\u010de vyma\u017eou. Ostatn\u00ed cookies z\u016fst\u00e1vaj\u00ed ve Va\u0161em po\u010d\u00edta\u010di (dlouhodob\u00e9 cookies) a umo\u017e\u0148uj\u00ed jejich rozpozn\u00e1n\u00ed p\u0159i Va\u0161\u00ed p\u0159\u00ed\u0161t\u00ed n\u00e1v\u0161t\u011bv\u011b. To n\u00e1m umo\u017e\u0148uje zlep\u0161it v\u00e1\u0161 p\u0159\u00edstup na na\u0161e str\u00e1nky.<br \/>(2) Ukl\u00e1d\u00e1n\u00ed soubor\u016f cookie m\u016f\u017eete zabr\u00e1nit tak, \u017ee v nastaven\u00ed sv\u00e9ho prohl\u00ed\u017ee\u010de zvol\u00edte mo\u017enost \u201ezak\u00e1zat soubory cookie\u201c. V d\u016fsledku toho v\u0161ak m\u016f\u017ee doj\u00edt k omezen\u00ed funk\u010dnosti na\u0161ich internetov\u00fdch nab\u00eddek.<\/p>\n\n\n\n<h2 class=\"wp-block-heading\">Soci\u00e1ln\u00ed pluginy z Facebooku<\/h2>\n\n\n\n<p>Pou\u017e\u00edv\u00e1me soci\u00e1ln\u00ed pluginy z facebook.com, provozovan\u00e9 spole\u010dnost\u00ed Facebook Inc., 1601 S. California Ave, Palo Alto, CA 94304, USA. Pluginy lze rozpoznat pomoc\u00ed loga Facebooku nebo dopl\u0148ku \u201eFacebook Social Plug-in\u201c. Pokud nap\u0159\u00edklad kliknete na tla\u010d\u00edtko \u201eTo se mi l\u00edb\u00ed\u201c nebo zanech\u00e1te koment\u00e1\u0159, p\u0159\u00edslu\u0161n\u00e9 informace se p\u0159enesou p\u0159\u00edmo z va\u0161eho prohl\u00ed\u017ee\u010de na Facebook a tam se ulo\u017e\u00ed. Facebook nav\u00edc zve\u0159ej\u0148uje va\u0161e z\u00e1liby pro va\u0161e p\u0159\u00e1tele na Facebooku. Pokud jste p\u0159ihl\u00e1\u0161eni na Facebooku, m\u016f\u017ee p\u0159i\u0159adit vyvol\u00e1n\u00ed na\u0161\u00ed str\u00e1nky p\u0159\u00edmo k va\u0161emu \u00fa\u010dtu na Facebooku. I kdy\u017e nejste p\u0159ihl\u00e1\u0161eni nebo nem\u00e1te \u00fa\u010det na Facebooku, v\u00e1\u0161 prohl\u00ed\u017ee\u010d odes\u00edl\u00e1 informace (nap\u0159. kter\u00e9 webov\u00e9 str\u00e1nky jste vyvolali, va\u0161i IP adresu), kter\u00e9 Facebook n\u00e1sledn\u011b ulo\u017e\u00ed. Podrobnosti o nakl\u00e1d\u00e1n\u00ed s va\u0161imi osobn\u00edmi \u00fadaji spole\u010dnost\u00ed Facebook a o va\u0161ich souvisej\u00edc\u00edch pr\u00e1vech naleznete v z\u00e1sad\u00e1ch ochrany osobn\u00edch \u00fadaj\u016f spole\u010dnosti Facebook: <a href=\"http:\/\/www.facebook.com\/policy.php\" target=\"_blank\" rel=\"noopener noreferrer\">http:\/\/www.facebook.com\/policy.php<\/a>. Pokud si nep\u0159ejete, aby Facebook mapoval \u00fadaje shrom\u00e1\u017ed\u011bn\u00e9 o v\u00e1s prost\u0159ednictv\u00edm na\u0161ich webov\u00fdch str\u00e1nek na v\u00e1\u0161 \u00fa\u010det na Facebooku, mus\u00edte se p\u0159ed n\u00e1v\u0161t\u011bvou na\u0161ich webov\u00fdch str\u00e1nek z Facebooku odhl\u00e1sit.<\/p>\n\n\n\n<h2 class=\"wp-block-heading\">Soci\u00e1ln\u00ed pluginy z Twitteru<\/h2>\n\n\n\n<p>S Twitterem a jeho funkcemi Retweet pou\u017e\u00edv\u00e1me soci\u00e1ln\u00ed pluginy z Twitter.com, provozovan\u00e9 spole\u010dnost\u00ed Twitter Inc. 795 Folsom St., Suite 600, San Francisco, CA 94107. Pokud pou\u017e\u00edv\u00e1te Retweet, webov\u00e9 str\u00e1nky, kter\u00e9 nav\u0161t\u00edv\u00edte, budou ozn\u00e1meny t\u0159et\u00edm stran\u00e1m a spojeny s va\u0161\u00edm \u00fa\u010dtem na Twitteru. Podrobnosti o nakl\u00e1d\u00e1n\u00ed s va\u0161imi \u00fadaji ze strany Twitteru, jako\u017e i o va\u0161ich pr\u00e1vech a mo\u017enostech nastaven\u00ed ochrany va\u0161ich osobn\u00edch \u00fadaj\u016f naleznete v z\u00e1sad\u00e1ch ochrany osobn\u00edch \u00fadaj\u016f Twitteru: <a href=\"http:\/\/twitter.com\/privacy\" target=\"_blank\" rel=\"noopener noreferrer\">http:\/\/twitter.com\/privacy <\/a><\/p>\n\n\n\n<h2 class=\"wp-block-heading\">Zve\u0159ejn\u011bn\u00ed<\/h2>\n\n\n\n<p>Podle spolkov\u00e9ho z\u00e1kona o ochran\u011b osobn\u00edch \u00fadaj\u016f m\u00e1te pr\u00e1vo na bezplatn\u00e9 informace o va\u0161ich ulo\u017een\u00fdch \u00fadaj\u00edch a p\u0159\u00edpadn\u011b pr\u00e1vo na opravu, zablokov\u00e1n\u00ed nebo vymaz\u00e1n\u00ed t\u011bchto \u00fadaj\u016f. Dotazy lze zas\u00edlat na n\u00e1sleduj\u00edc\u00ed e-mailov\u00e9 adresy: podpora (AT) gsoftwarelab.atlassian.net<\/p>","protected":false},"excerpt":{"rendered":"<p>Va\u0161e osobn\u00ed \u00fadaje (nap\u0159. titul, jm\u00e9no, adresa bydli\u0161t\u011b, e-mailov\u00e1 adresa, telefonn\u00ed \u010d\u00edslo, bankovn\u00ed spojen\u00ed, \u010d\u00edslo kreditn\u00ed karty) zpracov\u00e1v\u00e1me pouze v souladu s ustanoven\u00edmi n\u011bmeck\u00fdch z\u00e1kon\u016f o ochran\u011b osobn\u00edch \u00fadaj\u016f. N\u00e1sleduj\u00edc\u00ed ustanoven\u00ed popisuj\u00ed druh, rozsah a \u00fa\u010del shroma\u017e\u010fov\u00e1n\u00ed, zpracov\u00e1n\u00ed a vyu\u017e\u00edv\u00e1n\u00ed osobn\u00edch \u00fadaj\u016f. Tyto z\u00e1sady ochrany osobn\u00edch \u00fadaj\u016f [...]<\/p>","protected":false},"author":1,"featured_media":0,"parent":0,"menu_order":0,"comment_status":"closed","ping_status":"closed","template":"","meta":{"rop_custom_images_group":[],"rop_custom_messages_group":[],"rop_publish_now":"initial","rop_publish_now_accounts":{"twitter_2998589429_2998589429":""},"rop_publish_now_history":[],"rop_publish_now_status":"pending","footnotes":""},"class_list":["post-71","page","type-page","status-publish","hentry"],"blocksy_meta":[],"_links":{"self":[{"href":"https:\/\/gsoftwarelab.com\/cs\/wp-json\/wp\/v2\/pages\/71","targetHints":{"allow":["GET"]}}],"collection":[{"href":"https:\/\/gsoftwarelab.com\/cs\/wp-json\/wp\/v2\/pages"}],"about":[{"href":"https:\/\/gsoftwarelab.com\/cs\/wp-json\/wp\/v2\/types\/page"}],"author":[{"embeddable":true,"href":"https:\/\/gsoftwarelab.com\/cs\/wp-json\/wp\/v2\/users\/1"}],"replies":[{"embeddable":true,"href":"https:\/\/gsoftwarelab.com\/cs\/wp-json\/wp\/v2\/comments?post=71"}],"version-history":[{"count":1,"href":"https:\/\/gsoftwarelab.com\/cs\/wp-json\/wp\/v2\/pages\/71\/revisions"}],"predecessor-version":[{"id":8367,"href":"https:\/\/gsoftwarelab.com\/cs\/wp-json\/wp\/v2\/pages\/71\/revisions\/8367"}],"wp:attachment":[{"href":"https:\/\/gsoftwarelab.com\/cs\/wp-json\/wp\/v2\/media?parent=71"}],"curies":[{"name":"wp","href":"https:\/\/api.w.org\/{rel}","templated":true}]}}