{"id":68,"date":"2021-01-05T17:24:31","date_gmt":"2021-01-05T15:24:31","guid":{"rendered":"http:\/\/gsoftwarelab.com\/?page_id=68"},"modified":"2025-11-09T08:46:22","modified_gmt":"2025-11-09T06:46:22","slug":"imprint","status":"publish","type":"page","link":"https:\/\/gsoftwarelab.com\/cs\/imprint\/","title":{"rendered":"Otisk"},"content":{"rendered":"<h1 class=\"wp-block-heading\">Pr\u00e1vn\u00ed informace<\/h1>\n\n\n\n<p>Informace podle \u00a7 5 TMG<\/p>\n\n\n\n<p>GSoftwareLab Inh. (p\u0159esm\u011brov\u00e1no z Inh.) Lucas Schmutzler<br \/>Dahlienweg 8<br \/>09557 Floeha<br \/>Sasko, N\u011bmecko<\/p>\n\n\n\n<h2 class=\"wp-block-heading\">Kontakt<\/h2>\n\n\n\n<p>E-mailov\u00e1 adresa: <a href=\"mailto:support@gsoftwarelab.atlassian.net\">support@gsoftwarelab.atlassian.net<\/a><br \/>Kontaktujte n\u00e1s: <a href=\"https:\/\/gsoftwarelab.atlassian.net\/servicedesk\/customer\/portal\/1\" target=\"_blank\" rel=\"noreferrer noopener\">https:\/\/gsoftwarelab.atlassian.net\/servicedesk\/customer\/portal\/1<\/a><br \/>Internetov\u00e9 str\u00e1nky: <a href=\"https:\/\/GSoftwareLab.com\" target=\"_blank\" rel=\"noreferrer noopener\">https:\/\/GSoftwareLab.com<\/a><\/p>\n\n\n\n<h2 class=\"wp-block-heading\">Identifika\u010dn\u00ed \u010d\u00edslo pro \u00fa\u010dely DPH<\/h2>\n\n\n\n<p>Identifika\u010dn\u00ed \u010d\u00edslo pro \u00fa\u010dely DPH podle \u00a7 27a n\u011bmeck\u00e9ho z\u00e1kona o DPH<br \/>USt-Id-NR: DE 220\/269\/01182<\/p>\n\n\n\n<p>Da\u0148 z p\u0159idan\u00e9 hodnoty se nevyb\u00edr\u00e1 jako mal\u00e9 podniky podle \u00a7 19 odst. 1 UStG.<\/p>\n\n\n\n<h2 class=\"wp-block-heading\">Prohl\u00e1\u0161en\u00ed o vylou\u010den\u00ed odpov\u011bdnosti<\/h2>\n\n\n\n<p>Odpov\u011bdnost za obsah<br \/>Obsah na\u0161ich str\u00e1nek byl vytvo\u0159en s maxim\u00e1ln\u00ed p\u00e9\u010d\u00ed. Nem\u016f\u017eeme v\u0161ak zaru\u010dit p\u0159esnost, \u00faplnost nebo aktu\u00e1lnost obsahu. Podle z\u00e1konn\u00fdch ustanoven\u00ed jsme d\u00e1le zodpov\u011bdn\u00ed za vlastn\u00ed obsah na t\u011bchto webov\u00fdch str\u00e1nk\u00e1ch. V t\u00e9to souvislosti upozor\u0148ujeme, \u017ee nejsme povinni monitorovat pouze p\u0159en\u00e1\u0161en\u00e9 nebo ulo\u017een\u00e9 informace t\u0159et\u00edch stran nebo vy\u0161et\u0159ovat okolnosti poukazuj\u00edc\u00ed na nez\u00e1konnou \u010dinnost. Na\u0161e povinnosti odstranit nebo zablokovat pou\u017e\u00edv\u00e1n\u00ed informac\u00ed podle obecn\u011b platn\u00fdch z\u00e1kon\u016f z\u016fst\u00e1vaj\u00ed t\u00edmto nedot\u010deny podle \u00a7\u00a7 8 a\u017e 10 z\u00e1kona o telem\u00e9di\u00edch (TMG).<\/p>\n\n\n\n<p>Odpov\u011bdnost za odkazy<br \/>Odpov\u011bdnost za obsah extern\u00edch odkaz\u016f (na webov\u00e9 str\u00e1nky t\u0159et\u00edch stran) nesou v\u00fdhradn\u011b provozovatel\u00e9 odkazovan\u00fdch str\u00e1nek. V dob\u011b propojen\u00ed nebylo patrn\u00e9 \u017e\u00e1dn\u00e9 poru\u0161en\u00ed. Pokud se dozv\u00edme o jak\u00e9mkoli poru\u0161en\u00ed pr\u00e1vn\u00edch p\u0159edpis\u016f, p\u0159\u00edslu\u0161n\u00fd odkaz okam\u017eit\u011b odstran\u00edme.<\/p>\n\n\n\n<p>Autorsk\u00e9 pr\u00e1vo<br \/>Na\u0161e webov\u00e9 str\u00e1nky a jejich obsah podl\u00e9haj\u00ed n\u011bmeck\u00e9mu autorsk\u00e9mu pr\u00e1vu. Nen\u00ed-li to v\u00fdslovn\u011b povoleno z\u00e1konem (\u00a7 44a a n\u00e1sl. autorsk\u00e9ho z\u00e1kona), vy\u017eaduje ka\u017ed\u00e1 forma u\u017eit\u00ed, reprodukce nebo zpracov\u00e1n\u00ed d\u011bl chr\u00e1n\u011bn\u00fdch autorsk\u00fdm pr\u00e1vem na na\u0161ich webov\u00fdch str\u00e1nk\u00e1ch p\u0159edchoz\u00ed souhlas p\u0159\u00edslu\u0161n\u00e9ho vlastn\u00edka pr\u00e1v. Jednotliv\u00e9 reprodukce d\u00edla jsou povoleny pouze pro soukrom\u00e9 u\u017eit\u00ed, nesm\u00ed tedy slou\u017eit p\u0159\u00edmo ani nep\u0159\u00edmo k v\u00fdd\u011blku. Neopr\u00e1vn\u011bn\u00e9 u\u017eit\u00ed d\u011bl chr\u00e1n\u011bn\u00fdch autorsk\u00fdm pr\u00e1vem je trestn\u00e9 (\u00a7 106 autorsk\u00e9ho z\u00e1kona).<\/p>\n\n\n<div class=\"woocommerce woocommerce-gzd woocommerce-gzd-complaints-shortcode\">\n\t\t\t<h3>Alternativn\u00ed \u0159e\u0161en\u00ed spor\u016f podle \u010dl. 14 odst. 1 ODR-VO a \u00a7 36 VSBG:<\/h3>\n\t\nNejsme povinni ani ochotni \u00fa\u010dastnit se \u0159\u00edzen\u00ed o \u0159e\u0161en\u00ed spor\u016f p\u0159ed spot\u0159ebitelsk\u00fdm rozhod\u010d\u00edm soudem.<\/div>","protected":false},"excerpt":{"rendered":"<p>Pr\u00e1vn\u00ed informace v souladu s odd\u00edlem 5 TMG GSoftwareLab Inh. (p\u0159esm\u011brov\u00e1no z Inh.) Lucas SchmutzlerDahlienweg 809557 FloehaSasko, N\u011bmecko Kontaktuj e-mail: support@gsoftwarelab.atlassian.netKontaktujte n\u00e1s: https:\/\/gsoftwarelab.atlassian.net\/servicedesk\/customer\/portal\/1Website: https:\/\/GSoftwareLabIdentifika\u010dn\u00ed \u010d\u00edslo pro DPH .com podle \u00a7 27a n\u011bmeck\u00e9ho z\u00e1kona o DPHUSt-Id-NR: DE 220\/269\/01182 Da\u0148 z p\u0159idan\u00e9 hodnoty se nevyb\u00edr\u00e1 jako mal\u00e9 podniky podle \u00a7 19 odst. 1 UStG. Prohl\u00e1\u0161en\u00ed o vylou\u010den\u00ed odpov\u011bdnosti [...]<\/p>","protected":false},"author":1,"featured_media":0,"parent":0,"menu_order":0,"comment_status":"closed","ping_status":"closed","template":"","meta":{"rop_custom_images_group":[],"rop_custom_messages_group":[],"rop_publish_now":"initial","rop_publish_now_accounts":{"twitter_2998589429_2998589429":""},"rop_publish_now_history":[],"rop_publish_now_status":"pending","footnotes":""},"class_list":["post-68","page","type-page","status-publish","hentry"],"blocksy_meta":[],"_links":{"self":[{"href":"https:\/\/gsoftwarelab.com\/cs\/wp-json\/wp\/v2\/pages\/68","targetHints":{"allow":["GET"]}}],"collection":[{"href":"https:\/\/gsoftwarelab.com\/cs\/wp-json\/wp\/v2\/pages"}],"about":[{"href":"https:\/\/gsoftwarelab.com\/cs\/wp-json\/wp\/v2\/types\/page"}],"author":[{"embeddable":true,"href":"https:\/\/gsoftwarelab.com\/cs\/wp-json\/wp\/v2\/users\/1"}],"replies":[{"embeddable":true,"href":"https:\/\/gsoftwarelab.com\/cs\/wp-json\/wp\/v2\/comments?post=68"}],"version-history":[{"count":3,"href":"https:\/\/gsoftwarelab.com\/cs\/wp-json\/wp\/v2\/pages\/68\/revisions"}],"predecessor-version":[{"id":8498,"href":"https:\/\/gsoftwarelab.com\/cs\/wp-json\/wp\/v2\/pages\/68\/revisions\/8498"}],"wp:attachment":[{"href":"https:\/\/gsoftwarelab.com\/cs\/wp-json\/wp\/v2\/media?parent=68"}],"curies":[{"name":"wp","href":"https:\/\/api.w.org\/{rel}","templated":true}]}}