{"id":4633,"date":"2022-06-20T17:23:39","date_gmt":"2022-06-20T15:23:39","guid":{"rendered":"https:\/\/gsoftwarelab.com\/?page_id=4633"},"modified":"2025-10-05T07:40:42","modified_gmt":"2025-10-05T05:40:42","slug":"simple-pdf-converter","status":"publish","type":"page","link":"https:\/\/gsoftwarelab.com\/cs\/simple-pdf-converter\/","title":{"rendered":"Jednoduch\u00fd PDF Converter"},"content":{"rendered":"<div class=\"wp-block-cover alignfull is-light\" style=\"margin-top:0;margin-bottom:0;padding-top:24px;padding-right:24px;padding-bottom:24px;padding-left:24px;min-height:50vh;aspect-ratio:unset;\"><img decoding=\"async\" class=\"wp-block-cover__image-background\" alt=\"\" src=\"https:\/\/gsoftwarelab.com\/wp-content\/themes\/neve-fse\/assets\/img\/neve-fse-img04.jpg\" data-object-fit=\"cover\" title=\"\"><span aria-hidden=\"true\" class=\"wp-block-cover__background has-ti-bg-inv-background-color has-background-dim\"><\/span><div class=\"wp-block-cover__inner-container is-layout-flow wp-block-cover-is-layout-flow\">\n<div class=\"wp-block-group has-ti-fg-alt-color has-text-color is-layout-constrained wp-block-group-is-layout-constrained\">\n<h1 class=\"wp-block-heading has-huge-font-size\">St\u00e1hn\u011bte si Free PDF Converter, verze 1.0<\/h1>\n\n\n\n<p class=\"has-text-align-left has-medium-font-size\">Rychle a snadno p\u0159ev\u00e1d\u011bjte soubory PDF, dokumenty Word a dal\u0161\u00ed pomoc\u00ed na\u0161eho bezplatn\u00e9ho konvertoru PDF <\/p>\n\n\n\n<div class=\"wp-block-buttons is-content-justification-center is-layout-flex wp-container-core-buttons-is-layout-a89b3969 wp-block-buttons-is-layout-flex\">\n<div class=\"wp-block-button\"><a class=\"wp-block-button__link has-ti-fg-color has-text-color wp-element-button\" href=\"https:\/\/gsoftwarelab.com\/cs\/produkt\/pdf-converter\/\">Zdarma ke sta\u017een\u00ed<\/a><\/div>\n<\/div>\n<\/div>\n<\/div><\/div>\n\n\n\n<div class=\"wp-block-group alignfull has-ti-bg-alt-background-color has-background is-layout-constrained wp-container-core-group-is-layout-a8cabacf wp-block-group-is-layout-constrained\" style=\"margin-top:0px;margin-bottom:0px;padding-top:64px;padding-right:24px;padding-bottom:64px;padding-left:24px\">\n<div class=\"wp-block-columns alignwide is-layout-flex wp-container-core-columns-is-layout-6127943d wp-block-columns-is-layout-flex\">\n<div class=\"wp-block-column is-layout-flow wp-block-column-is-layout-flow\" style=\"padding-top:0px;padding-right:0px;padding-bottom:0px;padding-left:0px\">\n<div class=\"wp-block-group is-content-justification-left is-layout-constrained wp-container-core-group-is-layout-c659f4f1 wp-block-group-is-layout-constrained\" style=\"padding-top:0;padding-right:0;padding-bottom:0;padding-left:0\">\n<div class=\"wp-block-group has-ti-accent-background-color has-background is-content-justification-left is-layout-constrained wp-container-core-group-is-layout-781a648b wp-block-group-is-layout-constrained\" style=\"border-radius:100px;padding-top:16px;padding-right:16px;padding-bottom:16px;padding-left:16px\"><\/div>\n<\/div>\n\n\n\n<h3 class=\"wp-block-heading has-text-align-left has-medium-font-size\">Dovoz.<\/h3>\n\n\n\n<p>Chcete-li p\u0159ev\u00e9st soubor PDF, Word nebo obr\u00e1zek pomoc\u00ed na\u0161eho konvertoru PDF, jednodu\u0161e importujte soubor, kter\u00fd chcete p\u0159ev\u00e9st, kliknut\u00edm na tla\u010d\u00edtko \u201eImportovat soubor\u201c. T\u00edm se otev\u0159e okno, kde m\u016f\u017eete proch\u00e1zet a vybrat soubor z po\u010d\u00edta\u010de. Jakmile soubor naimportujete, m\u016f\u017eete podle pot\u0159eby upravit nastaven\u00ed a mo\u017enosti a pot\u00e9 kliknut\u00edm na tla\u010d\u00edtko \u201eP\u0159ev\u00e9st\u201c zah\u00e1jit proces p\u0159evodu. P\u0159eveden\u00fd soubor bude vygenerov\u00e1n b\u011bhem n\u011bkolika okam\u017eik\u016f a pot\u00e9 jej m\u016f\u017eete st\u00e1hnout a ulo\u017eit pro budouc\u00ed pou\u017eit\u00ed.<\/p>\n<\/div>\n\n\n\n<div class=\"wp-block-column is-layout-flow wp-block-column-is-layout-flow\" style=\"padding-top:0px;padding-right:0px;padding-bottom:0px;padding-left:0px\">\n<div class=\"wp-block-group is-content-justification-left is-layout-constrained wp-container-core-group-is-layout-c659f4f1 wp-block-group-is-layout-constrained\" style=\"padding-top:0;padding-right:0;padding-bottom:0;padding-left:0\">\n<div class=\"wp-block-group has-ti-accent-background-color has-background is-content-justification-left is-layout-constrained wp-container-core-group-is-layout-781a648b wp-block-group-is-layout-constrained\" style=\"border-radius:100px;padding-top:16px;padding-right:16px;padding-bottom:16px;padding-left:16px\"><\/div>\n<\/div>\n\n\n\n<h3 class=\"wp-block-heading has-text-align-left has-medium-font-size\">Vyber si.<\/h3>\n\n\n\n<p class=\"has-text-align-left\">P\u0159i pou\u017eit\u00ed na\u0161eho PDF konvertoru si m\u016f\u017eete vybrat form\u00e1t, do kter\u00e9ho chcete p\u0159ev\u00e9st sv\u016fj soubor. Jednodu\u0161e vyberte po\u017eadovan\u00fd form\u00e1t z rozbalovac\u00ed nab\u00eddky a p\u0159evodn\u00edk automaticky uprav\u00ed nastaven\u00ed, aby zajistil, \u017ee soubor bude p\u0159eveden p\u0159esn\u011b a spr\u00e1vn\u011b. Dostupn\u00e9 form\u00e1ty zahrnuj\u00ed PDF, Word, Excel, PPT, JPG, PNG a dal\u0161\u00ed, tak\u017ee si m\u016f\u017eete vybrat ten, kter\u00fd nejl\u00e9pe vyhovuje va\u0161im pot\u0159eb\u00e1m a preferenc\u00edm. D\u00edky t\u00e9to flexibiln\u00ed a p\u0159izp\u016fsobiteln\u00e9 funkci m\u016f\u017eete snadno p\u0159ev\u00e9st soubory do form\u00e1tu, kter\u00fd v\u00e1m nejl\u00e9pe vyhovuje.<\/p>\n<\/div>\n\n\n\n<div class=\"wp-block-column is-layout-flow wp-block-column-is-layout-flow\" style=\"padding-top:0px;padding-right:0px;padding-bottom:0px;padding-left:0px\">\n<div class=\"wp-block-group is-content-justification-left is-layout-constrained wp-container-core-group-is-layout-c659f4f1 wp-block-group-is-layout-constrained\" style=\"padding-top:0;padding-right:0;padding-bottom:0;padding-left:0\">\n<div class=\"wp-block-group has-ti-accent-background-color has-background is-content-justification-left is-layout-constrained wp-container-core-group-is-layout-781a648b wp-block-group-is-layout-constrained\" style=\"border-radius:100px;padding-top:16px;padding-right:16px;padding-bottom:16px;padding-left:16px\"><\/div>\n<\/div>\n\n\n\n<h3 class=\"wp-block-heading has-text-align-left has-medium-font-size\">P\u0159ev\u00e9st.<\/h3>\n\n\n\n<p class=\"has-text-align-left\">Jakmile zad\u00e1te form\u00e1t, do kter\u00e9ho chcete soubor p\u0159ev\u00e9st, a kliknete na tla\u010d\u00edtko \u201eP\u0159ev\u00e9st\u201c, n\u00e1\u0161 konvertor PDF zah\u00e1j\u00ed proces p\u0159evodu. P\u0159evodn\u00edk pe\u010dliv\u011b a p\u0159esn\u011b p\u0159evede v\u00e1\u0161 soubor a zachov\u00e1 jeho p\u016fvodn\u00ed form\u00e1tov\u00e1n\u00ed a rozvr\u017een\u00ed. Jakmile je konverze dokon\u010dena, soubor bude ulo\u017een ve slo\u017ece importu, tak\u017ee k n\u011bmu m\u016f\u017eete snadno p\u0159istupovat a stahovat jej pro budouc\u00ed pou\u017eit\u00ed. Nav\u00edc konvertor poskytne n\u00e1hled p\u0159eveden\u00e9ho souboru, tak\u017ee m\u016f\u017eete rychle a snadno ov\u011b\u0159it, zda je spr\u00e1vn\u00fd a spl\u0148uje va\u0161e o\u010dek\u00e1v\u00e1n\u00ed.<\/p>\n<\/div>\n<\/div>\n<\/div>\n\n\n\n<div class=\"wp-block-columns is-layout-flex wp-container-core-columns-is-layout-51c0b34d wp-block-columns-is-layout-flex\" style=\"padding-top:var(--wp--preset--spacing--50);padding-bottom:var(--wp--preset--spacing--50)\">\n<div class=\"wp-block-column is-layout-flow wp-block-column-is-layout-flow\">\n<figure class=\"wp-block-image aligncenter size-large is-resized\"><a href=\"https:\/\/evolution-host.com\/\" target=\"_blank\" rel=\"noopener\"><img decoding=\"async\" src=\"https:\/\/gsoftwarelab.com\/wp-content\/uploads\/2020\/04\/evolution-host-300x96.png\" alt=\"Hostitel evoluce: Vysokorychlostn\u00ed VPS hosting\" style=\"width:219px\" title=\"\"><\/a><\/figure>\n\n\n\n<p class=\"has-text-align-center\"><a href=\"https:\/\/evolution-host.com\/\" target=\"_blank\" data-type=\"URL\" data-id=\"https:\/\/evolution-host.com\/\" rel=\"noreferrer noopener sponsored\">Hrd\u011b Powered by Evolution-Host<\/a><br \/><a href=\"https:\/\/evolution-host.com\/\" target=\"_blank\" rel=\"noreferrer noopener\">Vysoce v\u00fdkonn\u00e9 servery a VPS<\/a><\/p>\n<\/div>\n\n\n\n<div class=\"wp-block-column is-layout-flow wp-block-column-is-layout-flow\">\n<figure class=\"wp-block-image aligncenter size-large\"><a href=\"https:\/\/thefasthost.net\/\" target=\"_blank\" rel=\"noreferrer noopener\"><img decoding=\"async\" src=\"https:\/\/gsoftwarelab.com\/wp-content\/uploads\/2021\/06\/tfhlogo_cut1-300x68.png\" alt=\"TheFastHost (Rychl\u00fd hostitel): Levn\u00fd webhosting\" title=\"\"><\/a><\/figure>\n\n\n\n<p class=\"has-text-align-center\"><a href=\"https:\/\/thefasthost.net\/\" target=\"_blank\" rel=\"noreferrer noopener\">Webov\u00e9 str\u00e1nky Powered by TheFastHost<\/a><br \/><a href=\"https:\/\/thefasthost.net\/\" target=\"_blank\" rel=\"noreferrer noopener sponsored\">Webhosting za\u010d\u00edn\u00e1 pr\u00e1v\u011b $1<\/a><\/p>\n<\/div>\n<\/div>\n\n\n\n<div class=\"wp-block-group alignfull has-ti-bg-background-color has-background is-layout-constrained wp-block-group-is-layout-constrained\" style=\"margin-top:0;margin-bottom:0;padding-top:0px;padding-bottom:0px\">\n<div class=\"wp-block-columns alignwide is-layout-flex wp-container-core-columns-is-layout-28232c24 wp-block-columns-is-layout-flex\">\n<div class=\"wp-block-column is-vertically-aligned-center is-layout-flow wp-block-column-is-layout-flow\" style=\"padding-top:24px;padding-right:24px;padding-bottom:24px;padding-left:24px\">\n<h2 class=\"wp-block-heading\">Jednoduch\u00e9 &amp; Snadn\u00e9 <br \/>PDF konvertor<\/h2>\n\n\n\n<p>N\u00e1\u0161 jednoduch\u00fd PDF Converter podporuje des\u00edtky re\u017eim\u016f konverze<\/p>\n\n\n\n<div id=\"wp-block-themeisle-blocks-icon-list-47c091eb\" class=\"wp-block-themeisle-blocks-icon-list is-style-horizontal\">\n\n<div id=\"wp-block-themeisle-blocks-icon-list-item-9a0770e2\" class=\"wp-block-themeisle-blocks-icon-list-item\"><i class=\"fas fa-check wp-block-themeisle-blocks-icon-list-item-icon\"><\/i><p class=\"wp-block-themeisle-blocks-icon-list-item-content\">P\u0159evod PDF do DOC<\/p><\/div>\n\n\n<div id=\"wp-block-themeisle-blocks-icon-list-item-92d28b2e\" class=\"wp-block-themeisle-blocks-icon-list-item\"><i class=\"fas fa-check wp-block-themeisle-blocks-icon-list-item-icon\"><\/i><p class=\"wp-block-themeisle-blocks-icon-list-item-content\">P\u0159evod PDF na PNG (obr\u00e1zek)<\/p><\/div>\n\n\n<div id=\"wp-block-themeisle-blocks-icon-list-item-6243ba3d\" class=\"wp-block-themeisle-blocks-icon-list-item\"><i class=\"fas fa-check wp-block-themeisle-blocks-icon-list-item-icon\"><\/i><p class=\"wp-block-themeisle-blocks-icon-list-item-content\">P\u0159evod PDF do DOC<\/p><\/div>\n\n\n<div id=\"wp-block-themeisle-blocks-icon-list-item-4b619272\" class=\"wp-block-themeisle-blocks-icon-list-item\"><i class=\"fas fa-check wp-block-themeisle-blocks-icon-list-item-icon\"><\/i><p class=\"wp-block-themeisle-blocks-icon-list-item-content\">P\u0159ev\u00e9st DOC do PDF<\/p><\/div>\n\n\n<div id=\"wp-block-themeisle-blocks-icon-list-item-95b27f9f\" class=\"wp-block-themeisle-blocks-icon-list-item\"><i class=\"fas fa-check wp-block-themeisle-blocks-icon-list-item-icon\"><\/i><p class=\"wp-block-themeisle-blocks-icon-list-item-content\">P\u0159ev\u00e9st DOC na PNG (Obr\u00e1zek)<\/p><\/div>\n\n\n<div id=\"wp-block-themeisle-blocks-icon-list-item-cba8ffbc\" class=\"wp-block-themeisle-blocks-icon-list-item\"><i class=\"fas fa-check wp-block-themeisle-blocks-icon-list-item-icon\"><\/i><p class=\"wp-block-themeisle-blocks-icon-list-item-content\">P\u0159ev\u00e9st obr\u00e1zek na DOC<\/p><\/div>\n\n\n<div id=\"wp-block-themeisle-blocks-icon-list-item-75bdb721\" class=\"wp-block-themeisle-blocks-icon-list-item\"><i class=\"fas fa-check wp-block-themeisle-blocks-icon-list-item-icon\"><\/i><p class=\"wp-block-themeisle-blocks-icon-list-item-content\">P\u0159ev\u00e9st obr\u00e1zek do PDF<\/p><\/div>\n\n<\/div>\n<\/div>\n\n\n\n<div class=\"wp-block-column is-vertically-aligned-center is-layout-flow wp-block-column-is-layout-flow\">\n<figure class=\"wp-block-image aligncenter size-full\"><a href=\"https:\/\/gsoftwarelab.com\/wp-content\/uploads\/2022\/06\/simple_pdf_converter_gui.png\"><img decoding=\"async\" width=\"730\" height=\"173\" src=\"https:\/\/gsoftwarelab.com\/wp-content\/uploads\/2022\/06\/simple_pdf_converter_gui.png\" alt=\"Zdarma jednoduch\u00fd PDF Converter\" class=\"wp-image-4653\" title=\"\" srcset=\"https:\/\/gsoftwarelab.com\/wp-content\/uploads\/2022\/06\/simple_pdf_converter_gui.png 730w, https:\/\/gsoftwarelab.com\/wp-content\/uploads\/2022\/06\/simple_pdf_converter_gui-600x142.png 600w, https:\/\/gsoftwarelab.com\/wp-content\/uploads\/2022\/06\/simple_pdf_converter_gui-300x71.png 300w, https:\/\/gsoftwarelab.com\/wp-content\/uploads\/2022\/06\/simple_pdf_converter_gui-150x36.png 150w, https:\/\/gsoftwarelab.com\/wp-content\/uploads\/2022\/06\/simple_pdf_converter_gui-18x4.png 18w\" sizes=\"(max-width: 730px) 100vw, 730px\" \/><\/a><figcaption class=\"wp-element-caption\">Zdarma jednoduch\u00fd PDF Converter<\/figcaption><\/figure>\n\n\n\n<div class=\"wp-block-buttons is-content-justification-center is-layout-flex wp-container-core-buttons-is-layout-a89b3969 wp-block-buttons-is-layout-flex\">\n<div class=\"wp-block-button\"><a class=\"wp-block-button__link has-ti-fg-color has-text-color wp-element-button\" href=\"https:\/\/gsoftwarelab.com\/cs\/produkt\/pdf-converter\/\">Zdarma ke sta\u017een\u00ed<\/a><\/div>\n<\/div>\n<\/div>\n<\/div>\n<\/div>\n\n\n\n<div class=\"wp-block-group is-layout-constrained wp-block-group-is-layout-constrained\">\n<div class=\"wp-block-columns alignwide is-layout-flex wp-container-core-columns-is-layout-28f84493 wp-block-columns-is-layout-flex\">\n<div class=\"wp-block-column is-vertically-aligned-stretch has-border-color has-ti-accent-secondary-border-color is-layout-flow wp-block-column-is-layout-flow\" style=\"border-width:1px;padding-top:var(--wp--preset--spacing--30);padding-right:var(--wp--preset--spacing--30);padding-bottom:var(--wp--preset--spacing--30);padding-left:var(--wp--preset--spacing--30)\">\n<h3 class=\"wp-block-heading has-text-align-center\"><a href=\"https:\/\/gsoftwarelab.com\/cs\/proxy-scraper-and-proxy-tester-software\/\" target=\"_blank\" rel=\"noreferrer noopener\">Automatizovan\u00fd proxy \u0161krab\u00e1k<\/a><\/h3>\n\n\n\n<figure class=\"wp-block-image size-large\"><img decoding=\"async\" width=\"1024\" height=\"1024\" src=\"https:\/\/gsoftwarelab.com\/wp-content\/uploads\/2020\/05\/proxy_buddy_sales_images_compact_1by1-1024x1024.jpg\" alt=\"Proxy Buddy: Kone\u010dn\u00fd n\u00e1stroj pro \u0161kr\u00e1b\u00e1n\u00ed proxy server\u016f a testov\u00e1n\u00ed proxy server\u016f\" class=\"wp-image-7548\" title=\"\" srcset=\"https:\/\/gsoftwarelab.com\/wp-content\/uploads\/2020\/05\/proxy_buddy_sales_images_compact_1by1-1024x1024.jpg 1024w, https:\/\/gsoftwarelab.com\/wp-content\/uploads\/2020\/05\/proxy_buddy_sales_images_compact_1by1-300x300.jpg 300w, https:\/\/gsoftwarelab.com\/wp-content\/uploads\/2020\/05\/proxy_buddy_sales_images_compact_1by1-100x100.jpg 100w, https:\/\/gsoftwarelab.com\/wp-content\/uploads\/2020\/05\/proxy_buddy_sales_images_compact_1by1-600x600.jpg 600w, https:\/\/gsoftwarelab.com\/wp-content\/uploads\/2020\/05\/proxy_buddy_sales_images_compact_1by1-150x150.jpg 150w, https:\/\/gsoftwarelab.com\/wp-content\/uploads\/2020\/05\/proxy_buddy_sales_images_compact_1by1-768x768.jpg 768w, https:\/\/gsoftwarelab.com\/wp-content\/uploads\/2020\/05\/proxy_buddy_sales_images_compact_1by1-1536x1536.jpg 1536w, https:\/\/gsoftwarelab.com\/wp-content\/uploads\/2020\/05\/proxy_buddy_sales_images_compact_1by1-12x12.jpg 12w, https:\/\/gsoftwarelab.com\/wp-content\/uploads\/2020\/05\/proxy_buddy_sales_images_compact_1by1.jpg 1920w\" sizes=\"(max-width: 1024px) 100vw, 1024px\" \/><figcaption class=\"wp-element-caption\">Proxy Buddy: Kone\u010dn\u00fd n\u00e1stroj pro \u0161kr\u00e1b\u00e1n\u00ed proxy server\u016f a testov\u00e1n\u00ed proxy server\u016f<\/figcaption><\/figure>\n\n\n\n<div class=\"wp-block-buttons is-content-justification-center is-layout-flex wp-container-core-buttons-is-layout-a89b3969 wp-block-buttons-is-layout-flex\">\n<div class=\"wp-block-button\"><a class=\"wp-block-button__link has-ti-bg-inv-color has-text-color has-link-color has-text-align-center wp-element-button\" href=\"https:\/\/gsoftwarelab.com\/cs\/proxy-scraper-and-proxy-tester-software\/\" target=\"_blank\" rel=\"noreferrer noopener\">St\u00e1hn\u011bte si Proxy Scraping Software, verze 1.0<\/a><\/div>\n<\/div>\n<\/div>\n\n\n\n<div class=\"wp-block-column is-vertically-aligned-stretch has-border-color has-ti-accent-secondary-border-color is-layout-flow wp-block-column-is-layout-flow\" style=\"border-width:1px;padding-top:var(--wp--preset--spacing--30);padding-right:var(--wp--preset--spacing--30);padding-bottom:var(--wp--preset--spacing--30);padding-left:var(--wp--preset--spacing--30)\">\n<h3 class=\"wp-block-heading has-text-align-center\"><a href=\"https:\/\/gsoftwarelab.com\/cs\/index-buddy-backlink-indexer\/\" target=\"_blank\" rel=\"noreferrer noopener\">N\u00e1stroj pro indexov\u00e1n\u00ed hromadn\u00fdch spoj\u016f<\/a><\/h3>\n\n\n\n<figure class=\"wp-block-image size-full\"><img decoding=\"async\" width=\"1920\" height=\"1920\" src=\"https:\/\/gsoftwarelab.com\/wp-content\/uploads\/2023\/02\/index_buddy_sales_images_compact_1by1.jpg\" alt=\"Index Buddy: Fast Link Indexing Software\" class=\"wp-image-7727\" title=\"\" srcset=\"https:\/\/gsoftwarelab.com\/wp-content\/uploads\/2023\/02\/index_buddy_sales_images_compact_1by1.jpg 1920w, https:\/\/gsoftwarelab.com\/wp-content\/uploads\/2023\/02\/index_buddy_sales_images_compact_1by1-300x300.jpg 300w, https:\/\/gsoftwarelab.com\/wp-content\/uploads\/2023\/02\/index_buddy_sales_images_compact_1by1-100x100.jpg 100w, https:\/\/gsoftwarelab.com\/wp-content\/uploads\/2023\/02\/index_buddy_sales_images_compact_1by1-600x600.jpg 600w, https:\/\/gsoftwarelab.com\/wp-content\/uploads\/2023\/02\/index_buddy_sales_images_compact_1by1-1024x1024.jpg 1024w, https:\/\/gsoftwarelab.com\/wp-content\/uploads\/2023\/02\/index_buddy_sales_images_compact_1by1-150x150.jpg 150w, https:\/\/gsoftwarelab.com\/wp-content\/uploads\/2023\/02\/index_buddy_sales_images_compact_1by1-768x768.jpg 768w, https:\/\/gsoftwarelab.com\/wp-content\/uploads\/2023\/02\/index_buddy_sales_images_compact_1by1-1536x1536.jpg 1536w, https:\/\/gsoftwarelab.com\/wp-content\/uploads\/2023\/02\/index_buddy_sales_images_compact_1by1-12x12.jpg 12w\" sizes=\"(max-width: 1920px) 100vw, 1920px\" \/><figcaption class=\"wp-element-caption\">Index Buddy: Fast Link Indexing Software<\/figcaption><\/figure>\n\n\n\n<div class=\"wp-block-buttons is-content-justification-center is-layout-flex wp-container-core-buttons-is-layout-098cc607 wp-block-buttons-is-layout-flex\">\n<div class=\"wp-block-button\"><a class=\"wp-block-button__link has-ti-bg-inv-color has-text-color has-link-color has-text-align-center wp-element-button\" href=\"https:\/\/gsoftwarelab.com\/cs\/index-buddy-backlink-indexer\/\" target=\"_blank\" rel=\"noreferrer noopener\">Software pro indexov\u00e1n\u00ed odkaz\u016f<\/a><\/div>\n<\/div>\n<\/div>\n\n\n\n<div class=\"wp-block-column has-border-color has-ti-accent-secondary-border-color is-layout-flow wp-block-column-is-layout-flow\" style=\"border-width:1px;padding-top:var(--wp--preset--spacing--30);padding-right:var(--wp--preset--spacing--30);padding-bottom:var(--wp--preset--spacing--30);padding-left:var(--wp--preset--spacing--30)\">\n<h3 class=\"wp-block-heading has-text-align-center\"><a href=\"https:\/\/gsoftwarelab.com\/cs\/organic-website-traffic-bot\/\" target=\"_blank\" rel=\"noreferrer noopener\">Organick\u00e9 Web Traffic Bot<\/a><\/h3>\n\n\n\n<figure class=\"wp-block-image size-large has-custom-border\"><img decoding=\"async\" width=\"1024\" height=\"1024\" src=\"https:\/\/gsoftwarelab.com\/wp-content\/uploads\/2020\/11\/product_overview_1by1-1024x1024.jpg\" alt=\"Traffic Buddy: Organick\u00fd dopravn\u00ed gener\u00e1tor\" class=\"wp-image-7349\" style=\"border-style:none;border-width:0px\" title=\"\" srcset=\"https:\/\/gsoftwarelab.com\/wp-content\/uploads\/2020\/11\/product_overview_1by1-1024x1024.jpg 1024w, https:\/\/gsoftwarelab.com\/wp-content\/uploads\/2020\/11\/product_overview_1by1-300x300.jpg 300w, https:\/\/gsoftwarelab.com\/wp-content\/uploads\/2020\/11\/product_overview_1by1-100x100.jpg 100w, https:\/\/gsoftwarelab.com\/wp-content\/uploads\/2020\/11\/product_overview_1by1-600x600.jpg 600w, https:\/\/gsoftwarelab.com\/wp-content\/uploads\/2020\/11\/product_overview_1by1-150x150.jpg 150w, https:\/\/gsoftwarelab.com\/wp-content\/uploads\/2020\/11\/product_overview_1by1-768x768.jpg 768w, https:\/\/gsoftwarelab.com\/wp-content\/uploads\/2020\/11\/product_overview_1by1-1536x1536.jpg 1536w, https:\/\/gsoftwarelab.com\/wp-content\/uploads\/2020\/11\/product_overview_1by1-12x12.jpg 12w, https:\/\/gsoftwarelab.com\/wp-content\/uploads\/2020\/11\/product_overview_1by1.jpg 1898w\" sizes=\"(max-width: 1024px) 100vw, 1024px\" \/><figcaption class=\"wp-element-caption\">Traffic Buddy: Organick\u00fd dopravn\u00ed gener\u00e1tor<\/figcaption><\/figure>\n\n\n\n<div class=\"wp-block-buttons is-content-justification-center is-layout-flex wp-container-core-buttons-is-layout-098cc607 wp-block-buttons-is-layout-flex\">\n<div class=\"wp-block-button\"><a class=\"wp-block-button__link has-ti-bg-inv-color has-text-color has-link-color has-text-align-center wp-element-button\" href=\"https:\/\/gsoftwarelab.com\/cs\/organic-website-traffic-bot\/\" target=\"_blank\" rel=\"noreferrer noopener\">Traffic Generator Software<\/a><\/div>\n<\/div>\n<\/div>\n<\/div>\n<\/div>\n\n\n\n<div class=\"wp-block-group alignfull has-ti-bg-alt-background-color has-background is-layout-constrained wp-block-group-is-layout-constrained\" style=\"margin-top:0;margin-bottom:0;padding-top:64px;padding-bottom:64px\">\n<h3 class=\"wp-block-heading alignwide has-text-align-center has-large-font-size\">P\u0159ijat\u00e9 platebn\u00ed metody<\/h3>\n\n\n\n<div class=\"wp-block-group is-content-justification-center is-nowrap is-layout-flex wp-container-core-group-is-layout-23441af8 wp-block-group-is-layout-flex\">\n<figure class=\"wp-block-image size-full\"><img decoding=\"async\" width=\"128\" height=\"36\" src=\"https:\/\/gsoftwarelab.com\/wp-content\/uploads\/2023\/07\/payment_method_paypal.webp\" alt=\"Platit p\u0159es PayPal\" class=\"wp-image-6699\" title=\"\"><\/figure>\n\n\n\n<figure class=\"wp-block-image size-full\"><img decoding=\"async\" width=\"100\" height=\"78\" src=\"https:\/\/gsoftwarelab.com\/wp-content\/uploads\/2023\/07\/payment_method_cc.webp\" alt=\"Platit kreditn\u00ed kartou\" class=\"wp-image-6700\" title=\"\"><\/figure>\n\n\n\n<figure class=\"wp-block-image size-full\"><img decoding=\"async\" width=\"100\" height=\"42\" src=\"https:\/\/gsoftwarelab.com\/wp-content\/uploads\/2023\/07\/payment_method_stripe.webp\" alt=\"Platit s Stripe\" class=\"wp-image-6701\" title=\"\"><\/figure>\n\n\n\n<figure class=\"wp-block-image size-full\"><img decoding=\"async\" width=\"98\" height=\"98\" src=\"https:\/\/gsoftwarelab.com\/wp-content\/uploads\/2023\/07\/payment_method_bitcoin.webp\" alt=\"Platit pomoc\u00ed Bitcoinu\" class=\"wp-image-6702\" title=\"\" srcset=\"https:\/\/gsoftwarelab.com\/wp-content\/uploads\/2023\/07\/payment_method_bitcoin.webp 98w, https:\/\/gsoftwarelab.com\/wp-content\/uploads\/2023\/07\/payment_method_bitcoin-96x96.webp 96w\" sizes=\"(max-width: 98px) 100vw, 98px\" \/><\/figure>\n\n\n\n<figure class=\"wp-block-image size-full\"><img decoding=\"async\" width=\"60\" height=\"100\" src=\"https:\/\/gsoftwarelab.com\/wp-content\/uploads\/2023\/07\/payment_method_eth.webp\" alt=\"Platit s Ethereum a Altcoin\" class=\"wp-image-6703\" title=\"\"><\/figure>\n<\/div>\n<\/div>\n\n\n\t\t\t<div id=\"rank-math-rich-snippet-wrapper\" class=\"\">\n\n\t\t\t\t\t\t<h5 class=\"rank-math-title\">Zdarma PDF Converter: Transformujte sv\u00e9 dokumenty snadno<\/h5>\n\t\t\t\t<div class=\"rank-math-review-image\">\n\t\t\t<img decoding=\"async\" src=\"https:\/\/gsoftwarelab.com\/wp-content\/uploads\/2022\/06\/simple_pdf_converter_gui-300x71.png\" alt=\"\" title=\"\">\n\t\t<\/div>\n\t\t<div class=\"rank-math-review-data\">\n\n\t\t\t<p>Zdarma PDF Converter. Rychle a snadno p\u0159ev\u00e1d\u011bjte soubory PDF, dokumenty Word a dal\u0161\u00ed pomoc\u00ed na\u0161eho jednoduch\u00e9ho PDF. Zdarma ke sta\u017een\u00ed.<\/p>\n\t\t\n\t\n\t\t\t<p>\n\t\t\t<strong>Cena m\u011bny: <\/strong>\n\t\t\tEUR\t\t<\/p>\n\t\t\n\t\t\t<p>\n\t\t\t<strong>Opera\u010dn\u00ed syst\u00e9m: <\/strong>\n\t\t\tWindows 10, Windows 11, Windows Server 2019, Windows Server 2022, Windows Server 2025\t\t<\/p>\n\t\t\n\t\t\t<p>\n\t\t\t<strong>Kategorie aplikace: <\/strong>\n\t\t\tPDF konvertor\t\t<\/p>\n\t\t\n\t\t\t<div class=\"rank-math-total-wrapper\">\n\n\t\t\t<strong>Hodnocen\u00ed redakce:<\/strong><br \/>\n\n\t\t\t<span class=\"rank-math-total\">5<\/span>\n\n\t\t\t<div class=\"rank-math-review-star\">\n\n\t\t\t\t<div class=\"rank-math-review-result-wrapper\">\n\n\t\t\t\t\t<i class=\"rank-math-star\"><\/i><i class=\"rank-math-star\"><\/i><i class=\"rank-math-star\"><\/i><i class=\"rank-math-star\"><\/i><i class=\"rank-math-star\"><\/i>\n\t\t\t\t\t<div class=\"rank-math-review-result\" style=\"width:100%;\">\n\t\t\t\t\t\t<i class=\"rank-math-star\"><\/i><i class=\"rank-math-star\"><\/i><i class=\"rank-math-star\"><\/i><i class=\"rank-math-star\"><\/i><i class=\"rank-math-star\"><\/i>\t\t\t\t\t<\/div>\n\n\t\t\t\t<\/div>\n\n\t\t\t<\/div>\n\n\t\t<\/div>\n\t\t\n<\/div>\n\n\t\t\t<\/div>","protected":false},"excerpt":{"rendered":"<p>Dovoz. Chcete-li p\u0159ev\u00e9st soubor PDF, Word nebo obr\u00e1zek pomoc\u00ed na\u0161eho konvertoru PDF, jednodu\u0161e importujte soubor, kter\u00fd chcete p\u0159ev\u00e9st, kliknut\u00edm na tla\u010d\u00edtko \u201eImportovat soubor\u201c. T\u00edm se otev\u0159e okno, kde m\u016f\u017eete proch\u00e1zet a vybrat soubor z po\u010d\u00edta\u010de. Po importu souboru m\u016f\u017eete upravit nastaven\u00ed [...]<\/p>","protected":false},"author":1,"featured_media":4653,"parent":0,"menu_order":0,"comment_status":"closed","ping_status":"closed","template":"","meta":{"rop_custom_images_group":[],"rop_custom_messages_group":[],"rop_publish_now":"initial","rop_publish_now_accounts":{"twitter_2998589429_2998589429":""},"rop_publish_now_history":[],"rop_publish_now_status":"pending","footnotes":""},"class_list":["post-4633","page","type-page","status-publish","has-post-thumbnail","hentry"],"blocksy_meta":[],"_links":{"self":[{"href":"https:\/\/gsoftwarelab.com\/cs\/wp-json\/wp\/v2\/pages\/4633","targetHints":{"allow":["GET"]}}],"collection":[{"href":"https:\/\/gsoftwarelab.com\/cs\/wp-json\/wp\/v2\/pages"}],"about":[{"href":"https:\/\/gsoftwarelab.com\/cs\/wp-json\/wp\/v2\/types\/page"}],"author":[{"embeddable":true,"href":"https:\/\/gsoftwarelab.com\/cs\/wp-json\/wp\/v2\/users\/1"}],"replies":[{"embeddable":true,"href":"https:\/\/gsoftwarelab.com\/cs\/wp-json\/wp\/v2\/comments?post=4633"}],"version-history":[{"count":3,"href":"https:\/\/gsoftwarelab.com\/cs\/wp-json\/wp\/v2\/pages\/4633\/revisions"}],"predecessor-version":[{"id":8393,"href":"https:\/\/gsoftwarelab.com\/cs\/wp-json\/wp\/v2\/pages\/4633\/revisions\/8393"}],"wp:featuredmedia":[{"embeddable":true,"href":"https:\/\/gsoftwarelab.com\/cs\/wp-json\/wp\/v2\/media\/4653"}],"wp:attachment":[{"href":"https:\/\/gsoftwarelab.com\/cs\/wp-json\/wp\/v2\/media?parent=4633"}],"curies":[{"name":"wp","href":"https:\/\/api.w.org\/{rel}","templated":true}]}}