{"id":3273,"date":"2021-10-06T19:55:27","date_gmt":"2021-10-06T17:55:27","guid":{"rendered":"https:\/\/gsoftwarelab.com\/?page_id=3273"},"modified":"2025-10-05T02:52:06","modified_gmt":"2025-10-05T00:52:06","slug":"cancellation-policy","status":"publish","type":"page","link":"https:\/\/gsoftwarelab.com\/cs\/cancellation-policy\/","title":{"rendered":"Shrnut\u00ed storno podm\u00ednek"},"content":{"rendered":"<div class=\"wp-block-stackable-heading stk-block-heading stk-block-heading--v2 stk-block stk-45b3b19\" id=\"cancellation-policy-summary\" data-block-id=\"45b3b19\"><h2 class=\"stk-block-heading__text\">Shrnut\u00ed storno podm\u00ednek<\/h2><\/div>\n\n\n\n<p>V\u011b\u0159\u00edme v jednoduch\u00fd a spravedliv\u00fd proces zru\u0161en\u00ed. Zde je stru\u010dn\u00fd p\u0159ehled va\u0161ich pr\u00e1v.<\/p>\n\n\n\n<p>M\u00e1te pr\u00e1vo odstoupit od smlouvy v r\u00e1mci <strong>14 dn\u016f<\/strong> sv\u00e9ho z\u00e1v\u011bru, ani\u017e by bylo nutn\u00e9 uv\u00e9st d\u016fvod.<\/p>\n\n\n\n<p>Chcete-li zru\u0161it, mus\u00edte n\u00e1m zaslat jasn\u00e9 prohl\u00e1\u0161en\u00ed o sv\u00e9m rozhodnut\u00ed do <a href=\"https:\/\/gsoftwarelab.com\/cs\/contact-us\/\">email<\/a>, po\u0161tou, nebo pomoc\u00ed storno formul\u00e1\u0159e na na\u0161ich webov\u00fdch str\u00e1nk\u00e1ch. Po obdr\u017een\u00ed va\u0161\u00ed \u017e\u00e1dosti zpracujeme plnou n\u00e1hradu, v\u010detn\u011b standardn\u00edch n\u00e1klad\u016f na doru\u010den\u00ed, do 14 dn\u016f.<\/p>\n\n\n\n<p>Vezm\u011bte pros\u00edm na v\u011bdom\u00ed, \u017ee pokud jste po\u017e\u00e1dali o slu\u017eby, kter\u00e9 maj\u00ed b\u00fdt zah\u00e1jeny b\u011bhem obdob\u00ed zru\u0161en\u00ed, m\u016f\u017ee v\u00e1m b\u00fdt \u00fa\u010dtov\u00e1na \u010d\u00e1stka \u00fam\u011brn\u00e1 slu\u017eb\u011b poskytnut\u00e9 p\u0159ed zru\u0161en\u00edm.<\/p>\n\n\n\n<p>Toto je shrnut\u00ed pro va\u0161e pohodl\u00ed. \u00dapln\u00e9 podrobnosti, v\u00fdjimky a ofici\u00e1ln\u00ed z\u00e1sady naleznete v \u010d\u00e1sti <strong><a href=\"https:\/\/gsoftwarelab.com\/cs\/terms-conditions\/\">Odd\u00edl 9 (Z\u00e1sady vr\u00e1cen\u00ed pen\u011bz) v na\u0161ich Smluvn\u00edch podm\u00ednk\u00e1ch<\/a><\/strong>.<\/p>","protected":false},"excerpt":{"rendered":"<p>Shrnut\u00ed V\u011b\u0159\u00edme v p\u0159\u00edmo\u010dar\u00fd a spravedliv\u00fd proces zru\u0161en\u00ed rezervace. Zde je stru\u010dn\u00fd p\u0159ehled va\u0161ich pr\u00e1v. M\u00e1te pr\u00e1vo odstoupit od smlouvy do 14 dn\u016f od jej\u00edho uzav\u0159en\u00ed, ani\u017e byste museli uv\u00e1d\u011bt d\u016fvod. Chcete-li zru\u0161it, mus\u00edte n\u00e1m zaslat jasn\u00e9 prohl\u00e1\u0161en\u00ed o sv\u00e9m rozhodnut\u00ed e-mailem, po\u0161tou, [...]<\/p>","protected":false},"author":1,"featured_media":0,"parent":0,"menu_order":0,"comment_status":"closed","ping_status":"closed","template":"","meta":{"rop_custom_images_group":[],"rop_custom_messages_group":[],"rop_publish_now":"initial","rop_publish_now_accounts":{"twitter_2998589429_2998589429":""},"rop_publish_now_history":[],"rop_publish_now_status":"pending","footnotes":""},"class_list":["post-3273","page","type-page","status-publish","hentry"],"blocksy_meta":[],"_links":{"self":[{"href":"https:\/\/gsoftwarelab.com\/cs\/wp-json\/wp\/v2\/pages\/3273","targetHints":{"allow":["GET"]}}],"collection":[{"href":"https:\/\/gsoftwarelab.com\/cs\/wp-json\/wp\/v2\/pages"}],"about":[{"href":"https:\/\/gsoftwarelab.com\/cs\/wp-json\/wp\/v2\/types\/page"}],"author":[{"embeddable":true,"href":"https:\/\/gsoftwarelab.com\/cs\/wp-json\/wp\/v2\/users\/1"}],"replies":[{"embeddable":true,"href":"https:\/\/gsoftwarelab.com\/cs\/wp-json\/wp\/v2\/comments?post=3273"}],"version-history":[{"count":1,"href":"https:\/\/gsoftwarelab.com\/cs\/wp-json\/wp\/v2\/pages\/3273\/revisions"}],"predecessor-version":[{"id":8271,"href":"https:\/\/gsoftwarelab.com\/cs\/wp-json\/wp\/v2\/pages\/3273\/revisions\/8271"}],"wp:attachment":[{"href":"https:\/\/gsoftwarelab.com\/cs\/wp-json\/wp\/v2\/media?parent=3273"}],"curies":[{"name":"wp","href":"https:\/\/api.w.org\/{rel}","templated":true}]}}